{"id":6435,"date":"2025-04-08T17:24:09","date_gmt":"2025-04-08T17:24:09","guid":{"rendered":"https:\/\/aegestion.com\/staging\/?page_id=6435"},"modified":"2025-04-09T09:58:16","modified_gmt":"2025-04-09T09:58:16","slug":"formulario-de-contacto-canal-denuncias-a-e-gestion-empresarial-s-l","status":"publish","type":"page","link":"https:\/\/aegestion.com\/staging\/formulario-de-contacto-canal-denuncias-a-e-gestion-empresarial-s-l\/","title":{"rendered":"Canal Denuncias A.E.Gesti\u00f3n Empresarial, S.L."},"content":{"rendered":"<div id='layer_slider_1'  class='avia-layerslider main_color avia-shadow  avia-builder-el-0  el_before_av_heading  avia-builder-el-first  container_wrap sidebar_right'  style='height: 151px;'  ><\/div><div id='after_layer_slider_1'  class='main_color av_default_container_wrap container_wrap sidebar_right'  ><div class='container av-section-cont-open' ><div class='template-page content  av-content-small alpha units'><div class='post-entry post-entry-type-page post-entry-6435'><div class='entry-content-wrapper clearfix'>\n\n<style type=\"text\/css\" data-created_by=\"avia_inline_auto\" id=\"style-css-av-dg3ud6-dac5c0084ae50bd4099f3290bec102e1\">\n#top .av-special-heading.av-dg3ud6-dac5c0084ae50bd4099f3290bec102e1{\npadding-bottom:15px;\ncolor:#385670;\n}\nbody .av-special-heading.av-dg3ud6-dac5c0084ae50bd4099f3290bec102e1 .av-special-heading-tag .heading-char{\nfont-size:25px;\n}\n.av-special-heading.av-dg3ud6-dac5c0084ae50bd4099f3290bec102e1 .special-heading-inner-border{\nborder-color:#385670;\n}\n.av-special-heading.av-dg3ud6-dac5c0084ae50bd4099f3290bec102e1 .av-subheading{\nfont-size:15px;\n}\n<\/style>\n<div  class='av-special-heading av-dg3ud6-dac5c0084ae50bd4099f3290bec102e1 av-special-heading-h3 custom-color-heading blockquote modern-quote modern-centered  avia-builder-el-1  el_after_av_layerslider  el_before_av_heading  avia-builder-el-first '><h3 class='av-special-heading-tag '  itemprop=\"headline\"  >Canal de Denuncias &#8211; C\u00f3digo Etico<\/h3><div class='av_custom_color av-subheading av-subheading_below'><p>A.E.GESTION EMPRESARIAL, S.L.U.<\/p>\n<\/div><div class=\"special-heading-border\"><div class=\"special-heading-inner-border\"><\/div><\/div><\/div>\n\n<style type=\"text\/css\" data-created_by=\"avia_inline_auto\" id=\"style-css-av-m2dfhsd1-5e076ac9363e4f41664e18da6386d6e0\">\n#top .av-special-heading.av-m2dfhsd1-5e076ac9363e4f41664e18da6386d6e0{\npadding-bottom:15px;\ncolor:#385670;\n}\nbody .av-special-heading.av-m2dfhsd1-5e076ac9363e4f41664e18da6386d6e0 .av-special-heading-tag .heading-char{\nfont-size:25px;\n}\n.av-special-heading.av-m2dfhsd1-5e076ac9363e4f41664e18da6386d6e0 .special-heading-inner-border{\nborder-color:#385670;\n}\n.av-special-heading.av-m2dfhsd1-5e076ac9363e4f41664e18da6386d6e0 .av-subheading{\nfont-size:15px;\n}\n<\/style>\n<div  class='av-special-heading av-m2dfhsd1-5e076ac9363e4f41664e18da6386d6e0 av-special-heading-h4 custom-color-heading blockquote modern-quote  avia-builder-el-2  el_after_av_heading  el_before_av_catalogue '><h4 class='av-special-heading-tag '  itemprop=\"headline\"  >A.E.Gesti\u00f3n Empresarial, S.L.U.<\/h4><div class='av_custom_color av-subheading av-subheading_below'><p>Somos una empresa responsable, comprometida con el cumplimiento de la legalidad, integridad y la transparencia manteniendo un comportamiento \u00e9tico en todos los \u00e1mbitos de actuaci\u00f3n.En respuesta a nuestro compromiso ponemos en marcha este Canal de Denuncias Interno.<\/p>\n<p>A trav\u00e9s de este sistema interno de informaci\u00f3n, A.E.Gesti\u00f3n Empresarial facilita a sus trabajadores y aquellas personas externas vinculadas con la empresa, la posibilidad de denunciar posibles conductas irregulares o il\u00edcitas que puedan ser contrarias al ordenamiento jur\u00eddico y\/o a la propia normativa interna de la compa\u00f1\u00eda.<\/p>\n<p>El Canal de denuncias interno implementado en A.E.Gesti\u00f3n Empresarial cumple con las obligaciones establecidas por la Ley 2\/2023, de 20 de febrero, reguladora de la protecci\u00f3n de las personas que informen sobre infracciones normativas y de lucha contra la corrupci\u00f3n.<\/p>\n<\/div><div class=\"special-heading-border\"><div class=\"special-heading-inner-border\"><\/div><\/div><\/div>\n<div  class='av-catalogue-container av-m2dfrbil-e30c72a664bcb188c39512ca9370028e  avia-builder-el-3  el_after_av_heading  el_before_av_textblock '><ul class='av-catalogue-list'>\n<li><div class='av-catalogue-item av-m2dhwbon-843d9095188be03ba07be66bb3a54c2c' ><div class=\"av-catalogue-item-inner\"><div class=\"av-catalogue-title-container\"><div class='av-catalogue-title'>A.E.Gesti\u00f3n Empresarial, S.L.U. garantiza<\/div><div class='av-catalogue-price'><\/div><\/div><div class=\"av-catalogue-content\"><\/div><\/div><\/div><\/li>\n<li><div class='av-catalogue-item av-m2dfo01z-588e59224e0f87be00e1121b5a0a1234' ><div class=\"av-catalogue-item-inner\"><div class=\"av-catalogue-title-container\"><div class='av-catalogue-title'>La Prohibici\u00f3n de Represalias<\/div><div class='av-catalogue-price'><\/div><\/div><div class=\"av-catalogue-content\">\n<div class=\"elementor-element elementor-element-b554b6b elementor-widget elementor-widget-heading\" data-id=\"b554b6b\" data-element_type=\"widget\" data-widget_type=\"heading.default\">\n<div class=\"elementor-widget-container\">\n<p class=\"elementor-heading-title elementor-size-default\">A.E.Gesti\u00f3n Empresarial, S.L.U., no adoptar\u00e1 ning\u00fan tipo de represalia hacia los informantes de buena fe. No obstante, es importante recordar que hacer acusaciones falsas con conocimiento de su falsedad o hacerlas de manera negligente puede acarrear responsabilidades legales, civiles o laborales de acuerdo con la legislaci\u00f3n vigente.<\/p>\n<\/div>\n<\/div>\n<\/div><\/div><\/div><\/li>\n<li><div class='av-catalogue-item av-695mlq-65c16ac7eddea65507d816b69835d8ac' ><div class=\"av-catalogue-item-inner\"><div class=\"av-catalogue-title-container\"><div class='av-catalogue-title'>Confidencialidad<\/div><div class='av-catalogue-price'><\/div><\/div><div class=\"av-catalogue-content\">\n<div class=\"elementor-element elementor-element-9fc62ee elementor-widget elementor-widget-heading\" data-id=\"9fc62ee\" data-element_type=\"widget\" data-widget_type=\"heading.default\">\n<div class=\"elementor-widget-container\"><\/div>\n<\/div>\n<div class=\"elementor-element elementor-element-ac61703 e-flex e-con-boxed e-con e-child\" data-id=\"ac61703\" data-element_type=\"container\" data-settings=\"{\">\n<div class=\"e-con-inner\">\n<div class=\"elementor-element elementor-element-4376ea4 e-con-full e-flex e-con e-child\" data-id=\"4376ea4\" data-element_type=\"container\" data-settings=\"{\">\n<div class=\"elementor-element elementor-element-e11e429 elementor-widget elementor-widget-image\" data-id=\"e11e429\" data-element_type=\"widget\" data-widget_type=\"image.default\">\n<div class=\"elementor-widget-container\">El sistema est\u00e1 dise\u00f1ado como un medio \u00e9tico de comunicaci\u00f3n confidencial tanto para los miembros de la Organizaci\u00f3n, como para otras partes interesadas como clientes y proveedores, entre otros, as\u00ed como de las actuaciones que se desarrollen en la gesti\u00f3n y tramitaci\u00f3n de la misma, para lo cual se ha nombrado un canal externo a la empresa que actua como encargado del tratamiento, a\u00f1adiendo as\u00ed un mayor grado de confidencialidad de las comunicaciones. Habr\u00eda que destacar que en posibles procedimientos administrativos o judiciales posteriores que pueda originar la denuncia, la identidad del denunciante podr\u00eda ser revelada a las Autoridades Competentes a la que pudiese conducir el resultado de la investigaci\u00f3n si fuese necesario para la resoluci\u00f3n del caso.<\/div>\n<\/div>\n<\/div>\n<\/div>\n<\/div>\n<\/div><\/div><\/div><\/li>\n<li><div class='av-catalogue-item av-m2dhrvsx-fa9ce789d6dc0614ba1785d54eabbb46' ><div class=\"av-catalogue-item-inner\"><div class=\"av-catalogue-title-container\"><div class='av-catalogue-title'>Derechos de las personas afectadas<\/div><div class='av-catalogue-price'><\/div><\/div><div class=\"av-catalogue-content\">\n<span dir=\"ltr\" role=\"presentation\">A lo largo de todo el proceso se respetar\u00e1n los derechos a la privacidad, el honor,\u00a0<\/span><span dir=\"ltr\" role=\"presentation\">la defensa y la presunci\u00f3n de inocencia de las personas investigadas y afectadas.<\/span><br \/>\n<\/div><\/div><\/div><\/li>\n<li><div class='av-catalogue-item av-4bizem-371e3faf17cc740f77af2abf4531dfd3' ><div class=\"av-catalogue-item-inner\"><div class=\"av-catalogue-title-container\"><div class='av-catalogue-title'>Gesti\u00f3n de las Denuncias<\/div><div class='av-catalogue-price'><\/div><\/div><div class=\"av-catalogue-content\">\n<p align=\"JUSTIFY\">Todas las denuncias que se realicen a trav\u00e9s de este Canal de Denuncias de A.E.Gesti\u00f3n Empresarial, S.L.U. ser\u00e1n recibidas por el \u00d3rgano Externo independiente responsable del mismo y que act\u00faa como encargado del tratamiento, que se encargar\u00e1 de analizar las mismas y determinar si deben o no tramitarse e iniciar en su caso un proceso de investigaci\u00f3n interna. El denunciante recibir\u00e1 informaci\u00f3n del proceso que sigue la denuncia y de su resultado final.<\/p>\n<\/div><\/div><\/div><\/li>\n<\/ul><\/div>\n<section  class='av_textblock_section av-m3sm2fz5-897be7f7003d0c89ac87069f3d5c596f '   itemscope=\"itemscope\" itemtype=\"https:\/\/schema.org\/CreativeWork\" ><div class='avia_textblock'  itemprop=\"text\" ><p><a href=\"https:\/\/aegestion.com\/staging\/wp-content\/uploads\/2024\/12\/microfono.webp\"><img loading=\"lazy\" decoding=\"async\" class=\"wp-image-6390 alignleft\" src=\"https:\/\/aegestion.com\/staging\/wp-content\/uploads\/2024\/12\/microfono-300x300.webp\" alt=\"\" width=\"106\" height=\"106\" srcset=\"https:\/\/aegestion.com\/staging\/wp-content\/uploads\/2024\/12\/microfono-300x300.webp 300w, https:\/\/aegestion.com\/staging\/wp-content\/uploads\/2024\/12\/microfono-80x80.webp 80w, https:\/\/aegestion.com\/staging\/wp-content\/uploads\/2024\/12\/microfono-36x36.webp 36w, https:\/\/aegestion.com\/staging\/wp-content\/uploads\/2024\/12\/microfono-180x180.webp 180w, https:\/\/aegestion.com\/staging\/wp-content\/uploads\/2024\/12\/microfono.webp 640w\" sizes=\"auto, (max-width: 106px) 100vw, 106px\" \/><\/a>Si prefiere explicarnos el asunto puede grabar un mensaje pulsando el boton identificandose con nombre\u00a0 y direcci\u00f3n email.<\/p>\n<div id='easy-voice-mail'><p>Presione el bot\u00f3n para iniciar la grabaci\u00f3n (indique su nombre y tel\u00e9fono)<\/p><input id='easy_voice_mail_max_duration' type='hidden' value='300' \/><form id='easy-voice-mail-form' action='' method='post'><input type='hidden'  name='_wp_easy_voice_mail_nonce' value='25e0f6b89b'\/><input type='hidden' name='easy_voice_mail_message'\/><\/form><div class='easy-voice-mail-controls'><button id='easy_voice_mail_record' style='display: none;'>Record<\/button><button id='easy_voice_mail_stop' style='display: none;'>Stop<\/button><button id='easy_voice_mail_play' style='display: none;'>Play<\/button><button id='easy_voice_mail_pause' style='display: none;'>Pause<\/button><button id='easy_voice_mail_save' style='display: none;'>Save<\/button><button id='easy_voice_mail_cancel' style='display: none;'>Cancel<\/button><\/div><p id='easy_voice_mail_countdown'>0<p><\/div>\n<\/div><\/section>\n<form action=\"https:\/\/aegestion.com\/staging\/formulario-de-contacto-canal-denuncias-a-e-gestion-empresarial-s-l\/\" method=\"post\" data-fields-with-error=\"Found errors in the following field(s):\" class=\"avia_ajax_form av-form-labels-visible   avia-builder-el-5  el_after_av_textblock  avia-builder-el-last   \" data-avia-form-id=\"1\" data-avia-redirect='https:\/\/aegestion.com\/staging\/su-mensaje-ha-sido-enviado-correctamente\/'  aria-label='Formulario de contacto' ><h3 class=''>Formulario Canal Denuncias A.E.Gesti\u00f3n Empresarial, S.L.U.<\/h3><fieldset><p class='  first_form  form_element form_fullwidth' id='element_avia_1_1'><input checked=\"checked\" name=\"avia_1_1\" class=\"input_checkbox \" type=\"checkbox\" id=\"avia_1_1\" value=\"true\"\/><label class=\"input_checkbox_label\" for=\"avia_1_1\">Canal Denuncias A.E.Gesti\u00f3n Empresarial, S.L.U.<\/label><\/p><p class='  first_form  form_element form_fullwidth' id='element_avia_2_1'><label for=\"avia_2_1\">Nombre y Apellidos (opcional)<\/label> <input name=\"avia_2_1\" class=\"text_input \" type=\"text\" id=\"avia_2_1\" value=\"\" \/><\/p><p class='  first_form  form_element form_fullwidth' id='element_avia_3_1'><label for=\"avia_3_1\">Correo electr\u00f3nico <abbr class=\"required\" title=\"requerido\">*<\/abbr><\/label> <input name=\"avia_3_1\" class=\"text_input is_email\" type=\"text\" id=\"avia_3_1\" value=\"\" \/><\/p><p class='  first_form  form_element form_fullwidth' id='element_avia_4_1'><label for=\"avia_4_1\">Asunto<\/label> <input name=\"avia_4_1\" class=\"text_input \" type=\"text\" id=\"avia_4_1\" value=\"\" \/><\/p><p class='  first_form  form_element form_fullwidth' id='element_avia_5_1'><label for=\"avia_5_1\" class=\"textare_label hidden textare_label_avia_5_1\">Informaci\u00f3n Detallada <abbr class=\"required\" title=\"requerido\">*<\/abbr><\/label><textarea  name=\"avia_5_1\" class=\"text_area is_empty\" cols=\"40\" rows=\"7\" id=\"avia_5_1\" ><\/textarea><\/p><div id='avia_6_1' class='av-form-text'><p>\n<em>Antes de enviar <a href=\"https:\/\/aegestion.com\/staging\/aviso-legal-a-e-gestion-empresarial\/\" target=\"_blank\" rel=\"noopener\">Lee nuestra pol\u00edtica de Protecci\u00f3n de Datos y Cookies<\/a><\/em><\/p>\n<p>A.E.Gesti\u00f3n Empresarial, S.L.U. B53901948, como Encargado del Tratamiento le informa sobre el Tratamiento de los datos personales que nos facilita al cumplimentar el presente formulario en el marco del uso del Canal de Denuncias externo nombrado por A.E.Gesti\u00f3n Empresarial, S.L.U. que ser\u00e1n tratados para las siguientes finalidades:<\/p>\n<ul>\n<li>Identificarle y poder contactar con Usted.<\/li>\n<li>Procesar el formulario que cumplimenta para realizar las investigaciones necesarias tendentes a dar una soluci\u00f3n al problema que plantea.<\/li>\n<li>Llevar a cabo cuantas gestiones resulten necesarias en relaci\u00f3n con el asunto que es objeto informado y\/o denunciado.<\/li>\n<\/ul>\n<p><strong>Conservaci\u00f3n de datos.\u00a0<\/strong>Los datos proporcionados ser\u00e1n conservados en el marco del sistema de denuncias durante un periodo m\u00e1ximo de tres (3) meses. No obstante, A.E. Gesti\u00f3n Empresarial, S.L.U. como Encargado del Tratamiento podr\u00e1 conservar los datos por el tiempo que resulte necesario a efectos de resolver el asunto que es objeto de comunicaci\u00f3n y\/o denuncia y a fin de atender las posibles responsabilidades civiles, penales o de cualquier otra naturaleza que puedan derivarse de dicho tratamiento.<\/p>\n<p><strong>Comunicaci\u00f3n de datos.\u00a0<\/strong>\u00a0\u00danicamente para cumplir con las finalidades del tratamiento, sus datos personales podr\u00e1n ser comunicados cuando resulte procedente a la polic\u00eda y a las autoridades judiciales o autoridades competentes.<\/p>\n<p><strong>Legitimaci\u00f3n.\u00a0<\/strong>La base legal para el tratamiento de sus datos es el consentimiento que nos facilita al cumplimentar el formulario y el inter\u00e9s leg\u00edtimo de A.E. Gesti\u00f3n Empresarial, S.L.U. como encargado del tratamiento nombrado para gestionar y resolver las denuncias y\/o consultas relativas a actuaciones que constituyen conductas o actuaciones delictivas o que infrinjan lo dispuesto en \u00a0las Pautas de Conducta \u00c9tica. Los datos personales del interesado se tratar\u00e1n por A.E. Gesti\u00f3n Empresarial, S.L.U \u00a0como encargado del tratamiento para atender su consulta \u00a0y\/o denuncia, darle el curso correspondiente y poder hacer un seguimiento exhaustivo de su estado, tramitaci\u00f3n y cierre.<\/p>\n<p><strong>Confidencialidad.<\/strong> A.E. Gesti\u00f3n Empresarial, S.L.U. como encargado del tratamiento garantiza la confidencialidad de las comunicaciones de conformidad con las medidas de orden t\u00e9cnico organizativas y de seguridad, en aplicaci\u00f3n del Protocolo de Seguridad LOPD-GDPR-RGPD implantado en la empresa.<\/p>\n<p><strong>Derechos.\u00a0<\/strong>Usted puede ejercer en cualquier momento sus <strong>derechos de acceso, rectificaci\u00f3n, cancelaci\u00f3n, oposici\u00f3n, supresi\u00f3n (derecho al olvido), limitaci\u00f3n y portabilidad de sus datos<\/strong>, que hubiesen sido recopilados y archivados tal como informamos en nuestra <a href=\"https:\/\/aegestion.com\/aviso-legal-a-e-gestion-empresarial\/\">Pol\u00edtica de Protecci\u00f3n de Datos<\/a>.<\/p>\n<\/div><p class='  first_form  form_element form_fullwidth' id='element_avia_7_1'><input  name=\"avia_7_1\" class=\"input_checkbox is_empty\" type=\"checkbox\" id=\"avia_7_1\" value=\"true\"\/><label class=\"input_checkbox_label\" for=\"avia_7_1\">He leido y acepto la pol\u00edtica de Pol\u00edtica de Protecci\u00f3n de Datos <abbr class=\"required\" title=\"requerido\">*<\/abbr><\/label><\/p><p class=\"hidden\"><input type=\"text\" name=\"avia_8_1\" class=\"hidden \" id=\"avia_8_1\" value=\"\" \/><\/p><p class='   form_element form_fullwidth' id='element_avia_9_1'><span class='value_verifier_label'>0 + 1 = ?<\/span><input name=\"avia_9_1_verifier\" type=\"hidden\" id=\"avia_9_1_verifier\" value=\"863187753\"\/><label for=\"avia_9_1\">Para mayor seguridad, responde la siguiente pregunta <abbr class=\"required\" title=\"requerido\">*<\/abbr><\/label><input name=\"avia_9_1\" class=\"text_input captcha\" type=\"text\" id=\"avia_9_1\" value=\"\"\/><\/p><p class=\"form_element \"><input type=\"hidden\" value=\"1\" name=\"avia_generated_form1\" \/><input type=\"submit\" value=\"Enviar\" class=\"button\"  data-sending-label=\"Enviando\"\/><\/p><\/fieldset><\/form><div id=\"ajaxresponse_1\" class=\"ajaxresponse ajaxresponse_1 hidden\"><\/div>\n","protected":false},"excerpt":{"rendered":"","protected":false},"author":1,"featured_media":0,"parent":0,"menu_order":0,"comment_status":"closed","ping_status":"closed","template":"","meta":{"_bbp_topic_count":0,"_bbp_reply_count":0,"_bbp_total_topic_count":0,"_bbp_total_reply_count":0,"_bbp_voice_count":0,"_bbp_anonymous_reply_count":0,"_bbp_topic_count_hidden":0,"_bbp_reply_count_hidden":0,"_bbp_forum_subforum_count":0,"footnotes":""},"class_list":["post-6435","page","type-page","status-publish","hentry"],"_links":{"self":[{"href":"https:\/\/aegestion.com\/staging\/wp-json\/wp\/v2\/pages\/6435","targetHints":{"allow":["GET"]}}],"collection":[{"href":"https:\/\/aegestion.com\/staging\/wp-json\/wp\/v2\/pages"}],"about":[{"href":"https:\/\/aegestion.com\/staging\/wp-json\/wp\/v2\/types\/page"}],"author":[{"embeddable":true,"href":"https:\/\/aegestion.com\/staging\/wp-json\/wp\/v2\/users\/1"}],"replies":[{"embeddable":true,"href":"https:\/\/aegestion.com\/staging\/wp-json\/wp\/v2\/comments?post=6435"}],"version-history":[{"count":13,"href":"https:\/\/aegestion.com\/staging\/wp-json\/wp\/v2\/pages\/6435\/revisions"}],"predecessor-version":[{"id":6484,"href":"https:\/\/aegestion.com\/staging\/wp-json\/wp\/v2\/pages\/6435\/revisions\/6484"}],"wp:attachment":[{"href":"https:\/\/aegestion.com\/staging\/wp-json\/wp\/v2\/media?parent=6435"}],"curies":[{"name":"wp","href":"https:\/\/api.w.org\/{rel}","templated":true}]}}