{"id":4046,"date":"2015-12-31T10:41:19","date_gmt":"2015-12-31T10:41:19","guid":{"rendered":"https:\/\/aegestion.com\/staging\/?page_id=4046"},"modified":"2017-04-28T10:03:27","modified_gmt":"2017-04-28T10:03:27","slug":"conocenos","status":"publish","type":"page","link":"https:\/\/aegestion.com\/staging\/conocenos\/","title":{"rendered":"Con\u00f3cenos"},"content":{"rendered":"\n<style type=\"text\/css\" data-created_by=\"avia_inline_auto\" id=\"style-css-av-av_heading-2df13c63e6525f5739fd4dbb655aac35\">\n#top .av-special-heading.av-av_heading-2df13c63e6525f5739fd4dbb655aac35{\npadding-bottom:0;\ncolor:#385670;\n}\nbody .av-special-heading.av-av_heading-2df13c63e6525f5739fd4dbb655aac35 .av-special-heading-tag .heading-char{\nfont-size:25px;\n}\n.av-special-heading.av-av_heading-2df13c63e6525f5739fd4dbb655aac35 .special-heading-inner-border{\nborder-color:#385670;\n}\n.av-special-heading.av-av_heading-2df13c63e6525f5739fd4dbb655aac35 .av-subheading{\nfont-size:10px;\n}\n<\/style>\n<div  class='av-special-heading av-av_heading-2df13c63e6525f5739fd4dbb655aac35 av-special-heading-h3 custom-color-heading blockquote modern-quote  avia-builder-el-0  el_before_av_hr  avia-builder-el-first '><h3 class='av-special-heading-tag '  itemprop=\"headline\"  >Profesionalidad, servicio, atenci\u00f3n al cliente y calidad en todo cuanto hacemos forman parte de los hombre y mujeres de A.E.Gesti\u00f3n Empresarial, S.L.<\/h3><div class=\"special-heading-border\"><div class=\"special-heading-inner-border\"><\/div><\/div><\/div>\n<div  class='hr av-av_hr-56d25f78b1556f32b2fb0e96aa8869f3 hr-short  avia-builder-el-1  el_after_av_heading  el_before_av_textblock  hr-left'><span class='hr-inner '><span class=\"hr-inner-style\"><\/span><\/span><\/div>\n<section  class='av_textblock_section av-av_textblock-0366cc7376be6c9e82a3e9cc8987b64f '   itemscope=\"itemscope\" itemtype=\"https:\/\/schema.org\/CreativeWork\" ><div class='avia_textblock'  itemprop=\"text\" ><p style=\"text-align: justify;\">Bienvenidos !<\/p>\n<p style=\"text-align: justify;\">Me llamo Jose Pons y soy directivo de la Empresa A.E.Gesti\u00f3n Empresarial, S.L.<\/p>\n<p style=\"text-align: justify;\"><a href=\"https:\/\/aegestion.com\/staging\/wp-content\/uploads\/2015\/12\/Jose-Pons-2.jpg\" rel=\"attachment wp-att-4469\"><img loading=\"lazy\" decoding=\"async\" class=\"alignleft size-square wp-image-4469\" src=\"https:\/\/aegestion.com\/staging\/wp-content\/uploads\/2015\/12\/Jose-Pons-2-180x180.jpg\" alt=\"Jose Pons\" width=\"180\" height=\"180\" srcset=\"https:\/\/aegestion.com\/staging\/wp-content\/uploads\/2015\/12\/Jose-Pons-2-180x180.jpg 180w, https:\/\/aegestion.com\/staging\/wp-content\/uploads\/2015\/12\/Jose-Pons-2-80x80.jpg 80w, https:\/\/aegestion.com\/staging\/wp-content\/uploads\/2015\/12\/Jose-Pons-2-300x300.jpg 300w, https:\/\/aegestion.com\/staging\/wp-content\/uploads\/2015\/12\/Jose-Pons-2-36x36.jpg 36w, https:\/\/aegestion.com\/staging\/wp-content\/uploads\/2015\/12\/Jose-Pons-2-120x120.jpg 120w, https:\/\/aegestion.com\/staging\/wp-content\/uploads\/2015\/12\/Jose-Pons-2-450x448.jpg 450w, https:\/\/aegestion.com\/staging\/wp-content\/uploads\/2015\/12\/Jose-Pons-2.jpg 572w\" sizes=\"auto, (max-width: 180px) 100vw, 180px\" \/><\/a>Somos una empresa moderna e innovadora con m\u00e1s de 20 a\u00f1os de servicio a nuestros clientes, integrada por personal especializado con un alto grado de experiencia en cada sector, aportando sus conocimientos en la gesti\u00f3n de las Organizaciones Empresariales.<\/p>\n<p style=\"text-align: justify;\">Nuestro personal es experto en diversas disciplinas empresariales dirigidas a establecer en las Empresas lo que denominamos la Gesti\u00f3n del Conocimiento Empresarial, de las cuales forman parte\u00a0los servicios de An\u00e1lisis, Control, Gesti\u00f3n, Organizaci\u00f3n y Administraci\u00f3n de Empresas, la prestaci\u00f3n de servicios especializados de cumplimientos legales tales como la Prevenci\u00f3n del Blanqueo de Capitales y de la financiaci\u00f3n del terrorismo, Corporate Compliance, Adaptaci\u00f3n e Implantaci\u00f3n de la Ley Org\u00e1nica 15\/1999 de Protecci\u00f3n de Datos de car\u00e1cter personal, Auditorias de la Prevenci\u00f3n del Blanqueo de Capitales y Auditorias de Protecci\u00f3n de Datos LOPD con Verificaci\u00f3n del Grado de Cumplimiento y Evaluaci\u00f3n del impacto de Protecci\u00f3n de Datos en las Organizaciones Empresariales como previo al Nuevo Reglamento de Protecci\u00f3n de Datos Personales U.E. 2016\/679.<\/p>\n<p style=\"text-align: justify;\">En materia de Seguridad Inform\u00e1tica realizamos el estudio e implementaci\u00f3n de la Pol\u00edtica de Seguridad Inform\u00e1tica de las empresas y despachos profesionales mediante Auditoria para analizar los riesgos y vulnerabilidades de los sistemas, desarrollando normas de utilizaci\u00f3n y formaci\u00f3n, realizando una gesti\u00f3n eficaz de los mismos.<\/p>\n<p style=\"text-align: justify;\">En las disciplinas de Social Media y Community Manager, disponemos de personal altamente cualificado y formado con la realizaci\u00f3n de un Master en Community Management y Direcci\u00f3n de Redes Sociales en la Empresa, que garantiza la especializaci\u00f3n de los servicios que prestamos en la Construcci\u00f3n y mantenimiento P\u00e1ginas Web, la Gesti\u00f3n de Contenidos, la Interacci\u00f3n en Redes Sociales y la creaci\u00f3n de un Social Media Plan de actuaci\u00f3n coordinada con la creaci\u00f3n y establecimiento de los Canales de Comunicaci\u00f3n en la Empresa.<\/p>\n<p style=\"text-align: justify;\">En A.E.Gesti\u00f3n Empresarial, S.L. permanecemos en todo momento a tu servicio.<\/p>\n<p style=\"text-align: justify;\">Saludos Cordiales<\/p>\n<p style=\"text-align: justify;\">Si quieres contactar con nosotros utiliza el siguiente <em><a href=\"https:\/\/aegestion.com\/staging\/formulario-de-contacto-a-e-gestion-empresarial\/\" target=\"_blank\" rel=\"noopener noreferrer\">formulario<\/a><\/em><\/p>\n<\/div><\/section>\n<\/div><\/div><\/div><!-- close content main div --><\/div><\/div>\n<style type=\"text\/css\" data-created_by=\"avia_inline_auto\" id=\"style-css-av-av_section-644e089cca1e3fb3062909543a4cace2\">\n.avia-section.av-av_section-644e089cca1e3fb3062909543a4cace2{\nbackground-repeat:no-repeat;\nbackground-image:url(https:\/\/aegestion.com\/staging\/wp-content\/uploads\/2015\/12\/competence-940613_1920-1500x630.jpg);\nbackground-position:50% 50%;\nbackground-attachment:fixed;\n}\n<\/style>\n<div id='av_section_1'  class='avia-section av-av_section-644e089cca1e3fb3062909543a4cace2 alternate_color avia-section-large avia-no-shadow  avia-builder-el-3  el_after_av_textblock  avia-builder-el-last  avia-bg-style-fixed container_wrap sidebar_right'  data-section-bg-repeat='no-repeat'><div class='container av-section-cont-open' ><div class='template-page content  av-content-small alpha units'><div class='post-entry post-entry-type-page post-entry-4046'><div class='entry-content-wrapper clearfix'><\/div><\/div><\/div><!-- close content main div --><\/div><\/div><div id='after_section_1'  class='main_color av_default_container_wrap container_wrap sidebar_right'  ><div class='container av-section-cont-open' ><div class='template-page content  av-content-small alpha units'><div class='post-entry post-entry-type-page post-entry-4046'><div class='entry-content-wrapper clearfix'>\n","protected":false},"excerpt":{"rendered":"","protected":false},"author":1,"featured_media":0,"parent":0,"menu_order":0,"comment_status":"open","ping_status":"open","template":"","meta":{"_bbp_topic_count":0,"_bbp_reply_count":0,"_bbp_total_topic_count":0,"_bbp_total_reply_count":0,"_bbp_voice_count":0,"_bbp_anonymous_reply_count":0,"_bbp_topic_count_hidden":0,"_bbp_reply_count_hidden":0,"_bbp_forum_subforum_count":0,"footnotes":""},"class_list":["post-4046","page","type-page","status-publish","hentry"],"_links":{"self":[{"href":"https:\/\/aegestion.com\/staging\/wp-json\/wp\/v2\/pages\/4046","targetHints":{"allow":["GET"]}}],"collection":[{"href":"https:\/\/aegestion.com\/staging\/wp-json\/wp\/v2\/pages"}],"about":[{"href":"https:\/\/aegestion.com\/staging\/wp-json\/wp\/v2\/types\/page"}],"author":[{"embeddable":true,"href":"https:\/\/aegestion.com\/staging\/wp-json\/wp\/v2\/users\/1"}],"replies":[{"embeddable":true,"href":"https:\/\/aegestion.com\/staging\/wp-json\/wp\/v2\/comments?post=4046"}],"version-history":[{"count":29,"href":"https:\/\/aegestion.com\/staging\/wp-json\/wp\/v2\/pages\/4046\/revisions"}],"predecessor-version":[{"id":5193,"href":"https:\/\/aegestion.com\/staging\/wp-json\/wp\/v2\/pages\/4046\/revisions\/5193"}],"wp:attachment":[{"href":"https:\/\/aegestion.com\/staging\/wp-json\/wp\/v2\/media?parent=4046"}],"curies":[{"name":"wp","href":"https:\/\/api.w.org\/{rel}","templated":true}]}}