{"id":3972,"date":"2015-12-28T11:19:43","date_gmt":"2015-12-28T11:19:43","guid":{"rendered":"https:\/\/aegestion.com\/staging\/?page_id=3972"},"modified":"2017-05-11T16:07:37","modified_gmt":"2017-05-11T16:07:37","slug":"contruccion-y-diseno-paginas-web","status":"publish","type":"page","link":"https:\/\/aegestion.com\/staging\/contruccion-y-diseno-paginas-web\/","title":{"rendered":"Construcci\u00f3n y Dise\u00f1o P\u00e1ginas Web"},"content":{"rendered":"\n<style type=\"text\/css\" data-created_by=\"avia_inline_auto\" id=\"style-css-av-av_section-0ab03fa3572af21f0ca7370f91d890ab\">\n.avia-section.av-av_section-0ab03fa3572af21f0ca7370f91d890ab{\nbackground-repeat:no-repeat;\nbackground-image:url(https:\/\/aegestion.com\/staging\/wp-content\/uploads\/2015\/12\/banner-909710_1920.jpg);\nbackground-position:0% 0%;\nbackground-attachment:fixed;\n}\n<\/style>\n<div id='av_section_1'  class='avia-section av-av_section-0ab03fa3572af21f0ca7370f91d890ab alternate_color avia-section-large avia-no-shadow  avia-builder-el-0  el_before_av_heading  avia-builder-el-first  avia-full-stretch avia-bg-style-fixed container_wrap sidebar_right'  data-section-bg-repeat='stretch'><div class='container av-section-cont-open' ><main  role=\"main\" itemprop=\"mainContentOfPage\"  class='template-page content  av-content-small alpha units'><div class='post-entry post-entry-type-page post-entry-3972'><div class='entry-content-wrapper clearfix'>\n\n<style type=\"text\/css\" data-created_by=\"avia_inline_auto\" id=\"style-css-av-av_one_third-40e04e59702ace7aa4422b20c9839dbe\">\n.flex_column.av-av_one_third-40e04e59702ace7aa4422b20c9839dbe{\nborder-radius:0px 0px 0px 0px;\npadding:0px 0px 0px 0px;\n}\n<\/style>\n<div  class='flex_column av-av_one_third-40e04e59702ace7aa4422b20c9839dbe av_one_third  avia-builder-el-1  el_before_av_one_third  avia-builder-el-first  first flex_column_div av-zero-column-padding  '     ><style type=\"text\/css\" data-created_by=\"avia_inline_auto\" id=\"style-css-av-av_icon_box-51a3e74d38c7d85acbd3e16764efad46\">\n#top #wrap_all .iconbox.av-av_icon_box-51a3e74d38c7d85acbd3e16764efad46 .iconbox_content_title{\ncolor:#385670;\n}\n.iconbox.av-av_icon_box-51a3e74d38c7d85acbd3e16764efad46 .iconbox_content_container{\ncolor:#385670;\n}\n<\/style>\n<article  class='iconbox iconbox_top av-av_icon_box-51a3e74d38c7d85acbd3e16764efad46  avia-builder-el-2  avia-builder-el-no-sibling  main_color'  itemscope=\"itemscope\" itemtype=\"https:\/\/schema.org\/CreativeWork\" ><div class=\"iconbox_content\"><header class=\"entry-content-header\" aria-label=\"Icon: Posicionamiento Red\"><div class='iconbox_icon heading-color avia-iconfont avia-font-entypo-fontello' data-av_icon='\ue8ab' data-av_iconfont='entypo-fontello'  ><\/div><h3 class='iconbox_content_title '  itemprop=\"headline\" >Posicionamiento Red<\/h3><\/header><div class='iconbox_content_container av_inherit_color'  itemprop=\"text\" ><p>Creamos tu Social Media Plan definiendo las estrategias a seguir y los canales de comunicaci\u00f3n que utilizaremos en la b\u00fasqueda de tu p\u00fablico objetivo<\/p>\n<\/div><\/div><footer class=\"entry-footer\"><\/footer><\/article><\/div>\n<style type=\"text\/css\" data-created_by=\"avia_inline_auto\" id=\"style-css-av-av_one_third-de02ff6c6bb29fc4ff1e98b6fcee57c3\">\n.flex_column.av-av_one_third-de02ff6c6bb29fc4ff1e98b6fcee57c3{\nborder-radius:0px 0px 0px 0px;\npadding:0px 0px 0px 0px;\n}\n<\/style>\n<div  class='flex_column av-av_one_third-de02ff6c6bb29fc4ff1e98b6fcee57c3 av_one_third  avia-builder-el-3  el_after_av_one_third  el_before_av_one_third  flex_column_div av-zero-column-padding  '     ><article  class='iconbox iconbox_top av-av_icon_box-948f0d528e936670a7ce41cfd178e334  avia-builder-el-4  avia-builder-el-no-sibling  main_color'  itemscope=\"itemscope\" itemtype=\"https:\/\/schema.org\/CreativeWork\" ><div class=\"iconbox_content\"><header class=\"entry-content-header\" aria-label=\"Icon: Gesti\u00f3n Contenidos\"><div class='iconbox_icon heading-color avia-iconfont avia-font-entypo-fontello' data-av_icon='\ue849' data-av_iconfont='entypo-fontello'  ><\/div><h3 class='iconbox_content_title '  itemprop=\"headline\" >Gesti\u00f3n Contenidos<\/h3><\/header><div class='iconbox_content_container '  itemprop=\"text\" ><p>Creaci\u00f3n y actualizaci\u00f3n peri\u00f3dica de contenidos de tu p\u00e1gina web y redes sociales imprescindible para despertar el inter\u00e9s de los potenciales clientes<\/p>\n<\/div><\/div><footer class=\"entry-footer\"><\/footer><\/article><\/div>\n<style type=\"text\/css\" data-created_by=\"avia_inline_auto\" id=\"style-css-av-av_one_third-9c1d454dc06f7247226bc4e8f931daae\">\n.flex_column.av-av_one_third-9c1d454dc06f7247226bc4e8f931daae{\nborder-radius:0px 0px 0px 0px;\npadding:0px 0px 0px 0px;\n}\n<\/style>\n<div  class='flex_column av-av_one_third-9c1d454dc06f7247226bc4e8f931daae av_one_third  avia-builder-el-5  el_after_av_one_third  avia-builder-el-last  flex_column_div av-zero-column-padding  '     ><article  class='iconbox iconbox_top av-av_icon_box-496c0c1605d5fa976f9e4ce0a7d4a683  avia-builder-el-6  avia-builder-el-no-sibling  main_color'  itemscope=\"itemscope\" itemtype=\"https:\/\/schema.org\/CreativeWork\" ><div class=\"iconbox_content\"><header class=\"entry-content-header\" aria-label=\"Icon: Optimizaci\u00f3n SEO\"><div class='iconbox_icon heading-color avia-iconfont avia-font-entypo-fontello' data-av_icon='\ue8b1' data-av_iconfont='entypo-fontello'  ><\/div><h3 class='iconbox_content_title '  itemprop=\"headline\" >Optimizaci\u00f3n SEO<\/h3><\/header><div class='iconbox_content_container '  itemprop=\"text\" ><p>Los Proyectos cuentan con actuaci\u00f3n SEO para satisfacer necesidades de productos y servicios que demandan los clientes en sus b\u00fasquedas por la red<\/p>\n<\/div><\/div><footer class=\"entry-footer\"><\/footer><\/article><\/div>\n<\/div><\/div><\/main><!-- close content main element --><\/div><\/div><div id='after_section_1'  class='main_color av_default_container_wrap container_wrap sidebar_right'  ><div class='container av-section-cont-open' ><div class='template-page content  av-content-small alpha units'><div class='post-entry post-entry-type-page post-entry-3972'><div class='entry-content-wrapper clearfix'>\n\n<style type=\"text\/css\" data-created_by=\"avia_inline_auto\" id=\"style-css-av-av_heading-b78607e811a71c674edc8a492d2c72d7\">\n#top .av-special-heading.av-av_heading-b78607e811a71c674edc8a492d2c72d7{\npadding-bottom:25px;\ncolor:#385670;\n}\nbody .av-special-heading.av-av_heading-b78607e811a71c674edc8a492d2c72d7 .av-special-heading-tag .heading-char{\nfont-size:25px;\n}\n.av-special-heading.av-av_heading-b78607e811a71c674edc8a492d2c72d7 .special-heading-inner-border{\nborder-color:#385670;\n}\n.av-special-heading.av-av_heading-b78607e811a71c674edc8a492d2c72d7 .av-subheading{\nfont-size:16px;\n}\n<\/style>\n<div  class='av-special-heading av-av_heading-b78607e811a71c674edc8a492d2c72d7 av-special-heading-h2 custom-color-heading blockquote modern-quote  avia-builder-el-7  el_after_av_section  el_before_av_textblock  avia-builder-el-first '><h2 class='av-special-heading-tag '  itemprop=\"headline\"  >Dise\u00f1amos y Construimos Tu P\u00e1gina Web<\/h2><div class='av_custom_color av-subheading av-subheading_below'><p>P\u00e1ginas web adaptadas adaptadas a las nuevas tecnologias, redes sociales y a todos los dispositivos m\u00f3viles.<\/p>\n<\/div><div class=\"special-heading-border\"><div class=\"special-heading-inner-border\"><\/div><\/div><\/div>\n<section  class='av_textblock_section av-av_textblock-0366cc7376be6c9e82a3e9cc8987b64f '   itemscope=\"itemscope\" itemtype=\"https:\/\/schema.org\/CreativeWork\" ><div class='avia_textblock'  itemprop=\"text\" ><p style=\"text-align: justify;\"><a href=\"https:\/\/aegestion.com\/staging\/wp-content\/uploads\/2015\/12\/head-663996_1920.jpg\" rel=\"attachment wp-att-3974\"><img loading=\"lazy\" decoding=\"async\" class=\"alignleft wp-image-3974\" src=\"https:\/\/aegestion.com\/staging\/wp-content\/uploads\/2015\/12\/head-663996_1920-300x212.jpg\" alt=\"Construcci\u00f3n P\u00e1ginas Web\" width=\"320\" height=\"226\" srcset=\"https:\/\/aegestion.com\/staging\/wp-content\/uploads\/2015\/12\/head-663996_1920-300x212.jpg 300w, https:\/\/aegestion.com\/staging\/wp-content\/uploads\/2015\/12\/head-663996_1920-768x542.jpg 768w, https:\/\/aegestion.com\/staging\/wp-content\/uploads\/2015\/12\/head-663996_1920-1030x727.jpg 1030w, https:\/\/aegestion.com\/staging\/wp-content\/uploads\/2015\/12\/head-663996_1920-1500x1059.jpg 1500w, https:\/\/aegestion.com\/staging\/wp-content\/uploads\/2015\/12\/head-663996_1920-260x185.jpg 260w, https:\/\/aegestion.com\/staging\/wp-content\/uploads\/2015\/12\/head-663996_1920-705x498.jpg 705w, https:\/\/aegestion.com\/staging\/wp-content\/uploads\/2015\/12\/head-663996_1920-450x318.jpg 450w, https:\/\/aegestion.com\/staging\/wp-content\/uploads\/2015\/12\/head-663996_1920.jpg 1920w\" sizes=\"auto, (max-width: 320px) 100vw, 320px\" \/><\/a>Una p\u00e1gina web es una ventana abierta al mundo\u00a0global, disponible en cualquier momento y desde cualquier lugar, espacio donde exponer tus productos y servicios, siendo una fuente permanente de informaci\u00f3n sobre tu empresa.<\/p>\n<p style=\"text-align: justify;\">La presencia en internet a trav\u00e9s de una p\u00e1gina web, da\u00a0credibilidad, otorga a la empresa una imagen moderna, profesional, transparente y eficiente, con que\u00a0diferenciarse de la competencia, mejorando los servicios o productos que ofreces a tus clientes.<\/p>\n<p style=\"text-align: justify;\">Los valores de la empresa y sus factores competitivos son mas sencillos de transmitir a trav\u00e9s de una p\u00e1gina web, mejorando la informaci\u00f3n y comunicaci\u00f3n a los clientes actuales y futuros.<\/p>\n<p style=\"text-align: justify;\">Optimizamos tu web para motores de b\u00fasqueda (SEO). Instalamos sistemas de rastreo de tr\u00e1fico que nos muestre los datos de cuantos visitantes tienes, del lugar de origen, las fuentes de tr\u00e1fico y cuanto tiempo han estado \u00a0en tu p\u00e1gina web.<\/p>\n<p style=\"text-align: justify;\">Realizamos una anal\u00edtica de los contenidos de la p\u00e1gina web, que nos indicar\u00e1 que p\u00e1ginas son las mas visitadas, proporcion\u00e1ndonos informaci\u00f3n real,\u00a0sobre lo que \u00a0busca y le gusta a\u00a0nuestro\u00a0p\u00fablico objetivo<\/p>\n<p style=\"text-align: justify;\">Construimos tu p\u00e1gina web profesional o corporativa, con optimizaci\u00f3n SEO y alta en buscadores, adaptada a tus necesidades, donde los potenciales clientes podr\u00e1n encontrar tus productos y servicios de manera mas sencilla. Con nuestros servicios podr\u00e1s dar r\u00e1pidamente un empuje comercial a tu negocio.<\/p>\n<\/div><\/section>\n\n<style type=\"text\/css\" data-created_by=\"avia_inline_auto\" id=\"style-css-av-av_heading-0169dfce5fb8f13ec9ee3e499f86447a\">\n#top .av-special-heading.av-av_heading-0169dfce5fb8f13ec9ee3e499f86447a{\npadding-bottom:10px;\ncolor:#385670;\n}\nbody .av-special-heading.av-av_heading-0169dfce5fb8f13ec9ee3e499f86447a .av-special-heading-tag .heading-char{\nfont-size:25px;\n}\n.av-special-heading.av-av_heading-0169dfce5fb8f13ec9ee3e499f86447a .special-heading-inner-border{\nborder-color:#385670;\n}\n.av-special-heading.av-av_heading-0169dfce5fb8f13ec9ee3e499f86447a .av-subheading{\nfont-size:15px;\n}\n<\/style>\n<div  class='av-special-heading av-av_heading-0169dfce5fb8f13ec9ee3e499f86447a av-special-heading-h4 custom-color-heading blockquote modern-quote  avia-builder-el-9  el_after_av_textblock  el_before_av_two_third '><h4 class='av-special-heading-tag '  itemprop=\"headline\"  >Somos Expertos en la Creaci\u00f3n y Dise\u00f1o P\u00e1ginas Web<\/h4><div class=\"special-heading-border\"><div class=\"special-heading-inner-border\"><\/div><\/div><\/div>\n\n<style type=\"text\/css\" data-created_by=\"avia_inline_auto\" id=\"style-css-av-av_two_third-40e04e59702ace7aa4422b20c9839dbe\">\n.flex_column.av-av_two_third-40e04e59702ace7aa4422b20c9839dbe{\nborder-radius:0px 0px 0px 0px;\npadding:0px 0px 0px 0px;\n}\n<\/style>\n<div  class='flex_column av-av_two_third-40e04e59702ace7aa4422b20c9839dbe av_two_third  avia-builder-el-10  el_after_av_heading  el_before_av_one_third  first flex_column_div av-zero-column-padding  '     ><p><div  class='av_promobox av-av_promobox-1b1cc59cab2e9866d54b7561477861d9 avia-button-yes  avia-builder-el-11  el_before_av_iconlist  avia-builder-el-first '><div class='avia-promocontent'><p>\n<b>Creaci\u00f3n y Dise\u00f1o p\u00e1ginas web<\/b><\/p>\n<\/div><div  class='avia-button-wrap av-av_button-a1d0c57c2b401fc04f0c6d6f0bd93d4e-wrap avia-button-right '><a href='https:\/\/aegestion.com\/staging\/solicitud-presupuesto-social-media\/'  class='avia-button av-av_button-a1d0c57c2b401fc04f0c6d6f0bd93d4e av-link-btn avia-icon_select-no avia-size-large avia-position-right avia-color-theme-color'  target=\"_blank\"  rel=\"noopener noreferrer\"  aria-label=\"Solicita Presupuesto!\"><span class='avia_iconbox_title' >Solicita Presupuesto!<\/span><\/a><\/div><\/div><br \/>\n\n<style type=\"text\/css\" data-created_by=\"avia_inline_auto\" id=\"style-css-av-av_iconlist-24b03346555b01d69b47460500e33163\">\n#top .avia-icon-list-container.av-av_iconlist-24b03346555b01d69b47460500e33163 .iconlist_icon{\nbackground-color:#385670;\n}\n<\/style>\n<div  class='avia-icon-list-container av-av_iconlist-24b03346555b01d69b47460500e33163  avia-builder-el-12  el_after_av_promobox  avia-builder-el-last '><ul class='avia-icon-list avia_animate_when_almost_visible avia-icon-list-left av-iconlist-big av-av_iconlist-24b03346555b01d69b47460500e33163 avia-iconlist-animate'>\n<li><div class='iconlist_icon av-av_iconlist_item-c0981fd3652499540c9d70003239a007 avia-font-entypo-fontello avia-iconfont avia-font-entypo-fontello'><span class='av-icon-char' data-av_icon='\ue84e' data-av_iconfont='entypo-fontello' aria-hidden=\"true\"><\/span><\/div><article class=\"article-icon-entry \"  itemscope=\"itemscope\" itemtype=\"https:\/\/schema.org\/CreativeWork\" ><div class=\"iconlist_content_wrap\"><header class=\"entry-content-header\" aria-label=\"Icon: &lt;a href=&#039;https:\/\/aegestion.com\/staging\/aviso-legal-a-e-gestion-empresarial\/&#039; title=&#039;Aviso Legal&#039;&gt;Aviso Legal&lt;\/a&gt;\"><h4 class='av_iconlist_title iconlist_title  '  itemprop=\"headline\" ><a href='https:\/\/aegestion.com\/staging\/aviso-legal-a-e-gestion-empresarial\/' title='Aviso Legal'>Aviso Legal<\/a><\/h4><\/header><div class='iconlist_content '  itemprop=\"text\" ><p>Lee nuestra Pol\u00edtica de Protecci\u00f3n de Datos<\/p>\n<\/div><\/div><footer class=\"entry-footer\"><\/footer><\/article><div class=\"iconlist-timeline\"><\/div><\/li>\n<\/ul><\/div><\/p><\/div>\n\n<style type=\"text\/css\" data-created_by=\"avia_inline_auto\" id=\"style-css-av-av_one_third-d9008b4527fd7407b08d6a532aa5fa09\">\n.flex_column.av-av_one_third-d9008b4527fd7407b08d6a532aa5fa09{\nborder-radius:0px 0px 0px 0px;\npadding:0px 0px 0px 0px;\n}\n<\/style>\n<div  class='flex_column av-av_one_third-d9008b4527fd7407b08d6a532aa5fa09 av_one_third  avia-builder-el-13  el_after_av_two_third  avia-builder-el-last  flex_column_div av-animated-generic pop-up av-zero-column-padding  '     ><\/div>\n","protected":false},"excerpt":{"rendered":"","protected":false},"author":1,"featured_media":1933,"parent":0,"menu_order":0,"comment_status":"open","ping_status":"open","template":"","meta":{"_bbp_topic_count":0,"_bbp_reply_count":0,"_bbp_total_topic_count":0,"_bbp_total_reply_count":0,"_bbp_voice_count":0,"_bbp_anonymous_reply_count":0,"_bbp_topic_count_hidden":0,"_bbp_reply_count_hidden":0,"_bbp_forum_subforum_count":0,"footnotes":""},"class_list":["post-3972","page","type-page","status-publish","has-post-thumbnail","hentry"],"_links":{"self":[{"href":"https:\/\/aegestion.com\/staging\/wp-json\/wp\/v2\/pages\/3972","targetHints":{"allow":["GET"]}}],"collection":[{"href":"https:\/\/aegestion.com\/staging\/wp-json\/wp\/v2\/pages"}],"about":[{"href":"https:\/\/aegestion.com\/staging\/wp-json\/wp\/v2\/types\/page"}],"author":[{"embeddable":true,"href":"https:\/\/aegestion.com\/staging\/wp-json\/wp\/v2\/users\/1"}],"replies":[{"embeddable":true,"href":"https:\/\/aegestion.com\/staging\/wp-json\/wp\/v2\/comments?post=3972"}],"version-history":[{"count":5,"href":"https:\/\/aegestion.com\/staging\/wp-json\/wp\/v2\/pages\/3972\/revisions"}],"predecessor-version":[{"id":5204,"href":"https:\/\/aegestion.com\/staging\/wp-json\/wp\/v2\/pages\/3972\/revisions\/5204"}],"wp:featuredmedia":[{"embeddable":true,"href":"https:\/\/aegestion.com\/staging\/wp-json\/"}],"wp:attachment":[{"href":"https:\/\/aegestion.com\/staging\/wp-json\/wp\/v2\/media?parent=3972"}],"curies":[{"name":"wp","href":"https:\/\/api.w.org\/{rel}","templated":true}]}}