{"id":3932,"date":"2015-12-28T08:05:51","date_gmt":"2015-12-28T08:05:51","guid":{"rendered":"https:\/\/aegestion.com\/staging\/?page_id=3932"},"modified":"2015-12-28T09:57:06","modified_gmt":"2015-12-28T09:57:06","slug":"creacion-proyecto-de-branding-personal-y-posicionamiento-en-la-web","status":"publish","type":"page","link":"https:\/\/aegestion.com\/staging\/creacion-proyecto-de-branding-personal-y-posicionamiento-en-la-web\/","title":{"rendered":"Creaci\u00f3n Proyecto de Branding Personal y Posicionamiento en la web"},"content":{"rendered":"\n<style type=\"text\/css\" data-created_by=\"avia_inline_auto\" id=\"style-css-av-av_section-2a79295081e38a7213807e8d3179f782\">\n.avia-section.av-av_section-2a79295081e38a7213807e8d3179f782{\nbackground-repeat:no-repeat;\nbackground-image:url(https:\/\/aegestion.com\/staging\/wp-content\/uploads\/2015\/12\/banner-1076289_1920.jpg);\nbackground-position:0% 0%;\nbackground-attachment:fixed;\n}\n<\/style>\n<div id='av_section_1'  class='avia-section av-av_section-2a79295081e38a7213807e8d3179f782 alternate_color avia-section-large avia-no-shadow  avia-builder-el-0  el_before_av_heading  avia-builder-el-first  avia-full-stretch avia-bg-style-fixed container_wrap sidebar_right'  data-section-bg-repeat='stretch'><div class='container av-section-cont-open' ><main  role=\"main\" itemprop=\"mainContentOfPage\"  class='template-page content  av-content-small alpha units'><div class='post-entry post-entry-type-page post-entry-3932'><div class='entry-content-wrapper clearfix'>\n\n<style type=\"text\/css\" data-created_by=\"avia_inline_auto\" id=\"style-css-av-av_one_third-40e04e59702ace7aa4422b20c9839dbe\">\n.flex_column.av-av_one_third-40e04e59702ace7aa4422b20c9839dbe{\nborder-radius:0px 0px 0px 0px;\npadding:0px 0px 0px 0px;\n}\n<\/style>\n<div  class='flex_column av-av_one_third-40e04e59702ace7aa4422b20c9839dbe av_one_third  avia-builder-el-1  el_before_av_one_third  avia-builder-el-first  first flex_column_div av-zero-column-padding  '     ><style type=\"text\/css\" data-created_by=\"avia_inline_auto\" id=\"style-css-av-av_icon_box-51a3e74d38c7d85acbd3e16764efad46\">\n#top #wrap_all .iconbox.av-av_icon_box-51a3e74d38c7d85acbd3e16764efad46 .iconbox_content_title{\ncolor:#385670;\n}\n.iconbox.av-av_icon_box-51a3e74d38c7d85acbd3e16764efad46 .iconbox_content_container{\ncolor:#385670;\n}\n<\/style>\n<article  class='iconbox iconbox_top av-av_icon_box-51a3e74d38c7d85acbd3e16764efad46  avia-builder-el-2  avia-builder-el-no-sibling  main_color'  itemscope=\"itemscope\" itemtype=\"https:\/\/schema.org\/CreativeWork\" ><div class=\"iconbox_content\"><header class=\"entry-content-header\" aria-label=\"Icon: Posicionamiento Red\"><div class='iconbox_icon heading-color avia-iconfont avia-font-entypo-fontello' data-av_icon='\ue8ab' data-av_iconfont='entypo-fontello'  ><\/div><h3 class='iconbox_content_title '  itemprop=\"headline\" >Posicionamiento Red<\/h3><\/header><div class='iconbox_content_container av_inherit_color'  itemprop=\"text\" ><p>Creamos tu Social Media Plan definiendo las estrategias a seguir y los canales de comunicaci\u00f3n que utilizaremos en la b\u00fasqueda de tu p\u00fablico objetivo<\/p>\n<\/div><\/div><footer class=\"entry-footer\"><\/footer><\/article><\/div>\n<style type=\"text\/css\" data-created_by=\"avia_inline_auto\" id=\"style-css-av-av_one_third-de02ff6c6bb29fc4ff1e98b6fcee57c3\">\n.flex_column.av-av_one_third-de02ff6c6bb29fc4ff1e98b6fcee57c3{\nborder-radius:0px 0px 0px 0px;\npadding:0px 0px 0px 0px;\n}\n<\/style>\n<div  class='flex_column av-av_one_third-de02ff6c6bb29fc4ff1e98b6fcee57c3 av_one_third  avia-builder-el-3  el_after_av_one_third  el_before_av_one_third  flex_column_div av-zero-column-padding  '     ><article  class='iconbox iconbox_top av-av_icon_box-948f0d528e936670a7ce41cfd178e334  avia-builder-el-4  avia-builder-el-no-sibling  main_color'  itemscope=\"itemscope\" itemtype=\"https:\/\/schema.org\/CreativeWork\" ><div class=\"iconbox_content\"><header class=\"entry-content-header\" aria-label=\"Icon: Gesti\u00f3n Contenidos\"><div class='iconbox_icon heading-color avia-iconfont avia-font-entypo-fontello' data-av_icon='\ue849' data-av_iconfont='entypo-fontello'  ><\/div><h3 class='iconbox_content_title '  itemprop=\"headline\" >Gesti\u00f3n Contenidos<\/h3><\/header><div class='iconbox_content_container '  itemprop=\"text\" ><p>Creaci\u00f3n y actualizaci\u00f3n peri\u00f3dica de contenidos de tu p\u00e1gina web y redes sociales imprescindible para despertar el inter\u00e9s de los potenciales clientes<\/p>\n<\/div><\/div><footer class=\"entry-footer\"><\/footer><\/article><\/div>\n<style type=\"text\/css\" data-created_by=\"avia_inline_auto\" id=\"style-css-av-av_one_third-9c1d454dc06f7247226bc4e8f931daae\">\n.flex_column.av-av_one_third-9c1d454dc06f7247226bc4e8f931daae{\nborder-radius:0px 0px 0px 0px;\npadding:0px 0px 0px 0px;\n}\n<\/style>\n<div  class='flex_column av-av_one_third-9c1d454dc06f7247226bc4e8f931daae av_one_third  avia-builder-el-5  el_after_av_one_third  avia-builder-el-last  flex_column_div av-zero-column-padding  '     ><article  class='iconbox iconbox_top av-av_icon_box-496c0c1605d5fa976f9e4ce0a7d4a683  avia-builder-el-6  avia-builder-el-no-sibling  main_color'  itemscope=\"itemscope\" itemtype=\"https:\/\/schema.org\/CreativeWork\" ><div class=\"iconbox_content\"><header class=\"entry-content-header\" aria-label=\"Icon: Optimizaci\u00f3n SEO\"><div class='iconbox_icon heading-color avia-iconfont avia-font-entypo-fontello' data-av_icon='\ue8b1' data-av_iconfont='entypo-fontello'  ><\/div><h3 class='iconbox_content_title '  itemprop=\"headline\" >Optimizaci\u00f3n SEO<\/h3><\/header><div class='iconbox_content_container '  itemprop=\"text\" ><p>Los Proyectos cuentan con actuaci\u00f3n SEO para satisfacer necesidades de productos y servicios que demandan los clientes en sus b\u00fasquedas por la red<\/p>\n<\/div><\/div><footer class=\"entry-footer\"><\/footer><\/article><\/div>\n<\/div><\/div><\/main><!-- close content main element --><\/div><\/div><div id='after_section_1'  class='main_color av_default_container_wrap container_wrap sidebar_right'  ><div class='container av-section-cont-open' ><div class='template-page content  av-content-small alpha units'><div class='post-entry post-entry-type-page post-entry-3932'><div class='entry-content-wrapper clearfix'>\n\n<style type=\"text\/css\" data-created_by=\"avia_inline_auto\" id=\"style-css-av-av_heading-414eb38a51c43957d6c73291c89a5ee9\">\n#top .av-special-heading.av-av_heading-414eb38a51c43957d6c73291c89a5ee9{\npadding-bottom:25px;\ncolor:#385670;\n}\nbody .av-special-heading.av-av_heading-414eb38a51c43957d6c73291c89a5ee9 .av-special-heading-tag .heading-char{\nfont-size:25px;\n}\n.av-special-heading.av-av_heading-414eb38a51c43957d6c73291c89a5ee9 .special-heading-inner-border{\nborder-color:#385670;\n}\n.av-special-heading.av-av_heading-414eb38a51c43957d6c73291c89a5ee9 .av-subheading{\nfont-size:18px;\n}\n<\/style>\n<div  class='av-special-heading av-av_heading-414eb38a51c43957d6c73291c89a5ee9 av-special-heading-h2 custom-color-heading blockquote modern-quote  avia-builder-el-7  el_after_av_section  el_before_av_textblock  avia-builder-el-first '><h2 class='av-special-heading-tag '  itemprop=\"headline\"  >Creaci\u00f3n de tu Proyecto de Branding Personal y Posicionamiento en la Red<\/h2><div class='av_custom_color av-subheading av-subheading_below'><p>Vamos a empezar tu proyecto de Branding Personal. Tu eres el protagonista.<\/p>\n<\/div><div class=\"special-heading-border\"><div class=\"special-heading-inner-border\"><\/div><\/div><\/div>\n<section  class='av_textblock_section av-av_textblock-0366cc7376be6c9e82a3e9cc8987b64f '   itemscope=\"itemscope\" itemtype=\"https:\/\/schema.org\/CreativeWork\" ><div class='avia_textblock'  itemprop=\"text\" ><p style=\"text-align: justify;\"><a href=\"https:\/\/aegestion.com\/staging\/wp-content\/uploads\/2015\/12\/Tu-Branding-Personal.jpg\" rel=\"attachment wp-att-3913\"><img loading=\"lazy\" decoding=\"async\" class=\"alignleft size-medium wp-image-3913\" src=\"https:\/\/aegestion.com\/staging\/wp-content\/uploads\/2015\/12\/Tu-Branding-Personal-300x200.jpg\" alt=\"Tu Branding Personal\" width=\"300\" height=\"200\" srcset=\"https:\/\/aegestion.com\/staging\/wp-content\/uploads\/2015\/12\/Tu-Branding-Personal-300x200.jpg 300w, https:\/\/aegestion.com\/staging\/wp-content\/uploads\/2015\/12\/Tu-Branding-Personal.jpg 400w\" sizes=\"auto, (max-width: 300px) 100vw, 300px\" \/><\/a>La creaci\u00f3n de un Proyecto de Estrategia Personal es el primer paso necesario en la creaci\u00f3n y mejora de tu branding personal y posicionamiento en la red con el que darte a conocer, promocionar tus proyectos, productos y servicios. Aprendemos en tiempos de dificultades, convirti\u00e9ndose en un impulso necesario, por lo tanto da rienda suelta al poder de tu historia, ahora es el momento de dise\u00f1ar tu marca personal.<\/p>\n<p style=\"text-align: justify;\">Vamos a empezar juntos el camino a recorrer, t\u00fa eres el protagonista. En primer lugar tienes que tener claros los objetivos a conseguir, debes ser realista y preguntarte a ti mismo si est\u00e1s dispuesto a dedicarle el tiempo y esfuerzo necesario, debes definir y conocer cu\u00e1l es tu p\u00fablico objetivo, qu\u00e9 contenidos vas a crear y compartir con ellos, para formar una comunidad alrededor de tu identidad digital, aportando valores, sensaciones, emociones y conocimientos como elemento diferenciador, para ser percibido como un referente en tu campo de actuaci\u00f3n, alguien capaz de aportar algo a los dem\u00e1s.<\/p>\n<p style=\"text-align: justify;\">Vamos a definir los objetivos. Enum\u00e9ralos por orden de importancia, de forma general debes posicionarte como experto en tu sector profesional, crea una importante red de contactos m\u00e1s all\u00e1 de tu entorno habitual, da a conocer tus proyectos, productos y servicios, generara tr\u00e1fico hacia tu web.<\/p>\n<p style=\"text-align: justify;\">Definiremos cu\u00e1les son los canales de comunicaci\u00f3n a utilizar en el desarrollo de tu proyecto de estrategia personal, a modo de ejemplo, una web o blog en combinaci\u00f3n con redes sociales puede ser un buen principio para tus movimientos estrat\u00e9gicos. Analiza cuales son las que mejor se adaptan a tus objetivos.<\/p>\n<p style=\"text-align: justify;\">La creaci\u00f3n de una web o blog favorece tu visibilidad siendo una herramienta muy importante para tratar las informaciones, comunicaciones y promoci\u00f3n de tus productos y servicios. Un blog o web bien dise\u00f1ados y esquematizados incrementan su valor comunicativo y de conexi\u00f3n con tu target (p\u00fablico objetivo).<\/p>\n<p style=\"text-align: justify;\">Registra un dominio preferentemente con nombre y apellidos tal como <a title=\"Jose Pons Community Manager Social Media\" href=\"http:\/\/josepons.com\" target=\"_blank\">\u00abwww.josepons.com\u00bb<\/a> de esta forma empezaras desde el principio a tener visibilidad y posicionar tu branding personal a trav\u00e9s de los buscadores. Es posible que al intentar registrar tu dominio este ya utilizado, puedes intentarlo cambiando la extensi\u00f3n .COM, por otras tal como .ES, .INFO, .NET, o .COM.ES que al igual que .ES, es un dominio territorial espa\u00f1ol.<\/p>\n<p style=\"text-align: justify;\">Con el dominio tendr\u00e1s un plan asociado de hosting donde alojar tu web o blog que llevar\u00e1 consigo la creaci\u00f3n de cuentas de correo bajo tu propio dominio por ejemplo \u00abinfo@josepons.com\u00bb que dar\u00e1 un toque de profesionalidad a tus comunicaciones.<\/p>\n<p style=\"text-align: justify;\">Es la hora de crear los contenidos, una de las partes m\u00e1s importantes y fundamentales de la comunicaci\u00f3n en social media. El mensaje tiene que ser claro y conciso, sin extenderse demasiado, escribe sobre temas que dominas, no lo hagas con palabras en may\u00fasculas, no escribas directamente en tu web o blog, hazlo en un archivo de tratamiento de textos como el Word, que te permitir\u00e1 revisar las faltas de ortograf\u00eda. Cuando escribas gu\u00e1rdalo y vuelve a leerlo al d\u00eda siguiente, de seguro cambiar\u00e1s algunas de las frases utilizadas y mejorar\u00e1s con ello tu mensaje.<\/p>\n<p style=\"text-align: justify;\">Ahora ya tienes todas las herramientas listas para ser usadas. Como ver\u00e1s no es una tarea f\u00e1cil.<\/p>\n<p style=\"text-align: justify;\">Te ofrecemos nuestros servicios profesionales de Community Manager Social Media Marketing, construyendo tu proyecto de estrategia personal, con gesti\u00f3n de contenidos y posicionamiento en la red que incremente el trafico a tu web y el n\u00famero de personas a los que dar a conocer los productos y servicios que ofreces en tu actividad empresarial o profesional, consiguiendo dar un r\u00e1pido impulso a tu proyecto.<\/p>\n<\/div><\/section>\n\n<style type=\"text\/css\" data-created_by=\"avia_inline_auto\" id=\"style-css-av-av_heading-eb4d122d0a1cc68f9ac9bb022904646f\">\n#top .av-special-heading.av-av_heading-eb4d122d0a1cc68f9ac9bb022904646f{\npadding-bottom:10px;\ncolor:#385670;\n}\nbody .av-special-heading.av-av_heading-eb4d122d0a1cc68f9ac9bb022904646f .av-special-heading-tag .heading-char{\nfont-size:25px;\n}\n.av-special-heading.av-av_heading-eb4d122d0a1cc68f9ac9bb022904646f .special-heading-inner-border{\nborder-color:#385670;\n}\n.av-special-heading.av-av_heading-eb4d122d0a1cc68f9ac9bb022904646f .av-subheading{\nfont-size:15px;\n}\n<\/style>\n<div  class='av-special-heading av-av_heading-eb4d122d0a1cc68f9ac9bb022904646f av-special-heading-h4 custom-color-heading blockquote modern-quote  avia-builder-el-9  el_after_av_textblock  el_before_av_two_third '><h4 class='av-special-heading-tag '  itemprop=\"headline\"  >Somos Expertos en la creaci\u00f3n de proyectos Social Media Marketing para impulsar tu negocio<\/h4><div class=\"special-heading-border\"><div class=\"special-heading-inner-border\"><\/div><\/div><\/div>\n\n<style type=\"text\/css\" data-created_by=\"avia_inline_auto\" id=\"style-css-av-av_two_third-40e04e59702ace7aa4422b20c9839dbe\">\n.flex_column.av-av_two_third-40e04e59702ace7aa4422b20c9839dbe{\nborder-radius:0px 0px 0px 0px;\npadding:0px 0px 0px 0px;\n}\n<\/style>\n<div  class='flex_column av-av_two_third-40e04e59702ace7aa4422b20c9839dbe av_two_third  avia-builder-el-10  el_after_av_heading  el_before_av_one_third  first flex_column_div av-zero-column-padding  '     ><p><div  class='av_promobox av-av_promobox-1b1cc59cab2e9866d54b7561477861d9 avia-button-yes  avia-builder-el-11  el_before_av_iconlist  avia-builder-el-first '><div class='avia-promocontent'><p>\n<b>Servicios Profesionales Community Manager Social Media Marketing<\/b><\/p>\n<\/div><div  class='avia-button-wrap av-av_button-a1d0c57c2b401fc04f0c6d6f0bd93d4e-wrap avia-button-right '><a href='https:\/\/aegestion.com\/staging\/solicitud-presupuesto-social-media\/'  class='avia-button av-av_button-a1d0c57c2b401fc04f0c6d6f0bd93d4e av-link-btn avia-icon_select-no avia-size-large avia-position-right avia-color-theme-color'  target=\"_blank\"  rel=\"noopener noreferrer\"  aria-label=\"Solicita Presupuesto!\"><span class='avia_iconbox_title' >Solicita Presupuesto!<\/span><\/a><\/div><\/div><br \/>\n\n<style type=\"text\/css\" data-created_by=\"avia_inline_auto\" id=\"style-css-av-av_iconlist-24b03346555b01d69b47460500e33163\">\n#top .avia-icon-list-container.av-av_iconlist-24b03346555b01d69b47460500e33163 .iconlist_icon{\nbackground-color:#385670;\n}\n<\/style>\n<div  class='avia-icon-list-container av-av_iconlist-24b03346555b01d69b47460500e33163  avia-builder-el-12  el_after_av_promobox  avia-builder-el-last '><ul class='avia-icon-list avia_animate_when_almost_visible avia-icon-list-left av-iconlist-big av-av_iconlist-24b03346555b01d69b47460500e33163 avia-iconlist-animate'>\n<li><div class='iconlist_icon av-av_iconlist_item-c0981fd3652499540c9d70003239a007 avia-font-entypo-fontello avia-iconfont avia-font-entypo-fontello'><span class='av-icon-char' data-av_icon='\ue84e' data-av_iconfont='entypo-fontello' aria-hidden=\"true\"><\/span><\/div><article class=\"article-icon-entry \"  itemscope=\"itemscope\" itemtype=\"https:\/\/schema.org\/CreativeWork\" ><div class=\"iconlist_content_wrap\"><header class=\"entry-content-header\" aria-label=\"Icon: &lt;a href=&#039;https:\/\/aegestion.com\/staging\/aviso-legal-a-e-gestion-empresarial\/&#039; title=&#039;Aviso Legal&#039;&gt;Aviso Legal&lt;\/a&gt;\"><h4 class='av_iconlist_title iconlist_title  '  itemprop=\"headline\" ><a href='https:\/\/aegestion.com\/staging\/aviso-legal-a-e-gestion-empresarial\/' title='Aviso Legal'>Aviso Legal<\/a><\/h4><\/header><div class='iconlist_content '  itemprop=\"text\" ><p>Lee nuestra Pol\u00edtica de Protecci\u00f3n de Datos<\/p>\n<\/div><\/div><footer class=\"entry-footer\"><\/footer><\/article><div class=\"iconlist-timeline\"><\/div><\/li>\n<\/ul><\/div><\/p><\/div>\n\n<style type=\"text\/css\" data-created_by=\"avia_inline_auto\" id=\"style-css-av-av_one_third-d9008b4527fd7407b08d6a532aa5fa09\">\n.flex_column.av-av_one_third-d9008b4527fd7407b08d6a532aa5fa09{\nborder-radius:0px 0px 0px 0px;\npadding:0px 0px 0px 0px;\n}\n<\/style>\n<div  class='flex_column av-av_one_third-d9008b4527fd7407b08d6a532aa5fa09 av_one_third  avia-builder-el-13  el_after_av_two_third  avia-builder-el-last  flex_column_div av-animated-generic pop-up av-zero-column-padding  '     ><\/div>\n","protected":false},"excerpt":{"rendered":"","protected":false},"author":1,"featured_media":1933,"parent":0,"menu_order":0,"comment_status":"open","ping_status":"open","template":"","meta":{"_bbp_topic_count":0,"_bbp_reply_count":0,"_bbp_total_topic_count":0,"_bbp_total_reply_count":0,"_bbp_voice_count":0,"_bbp_anonymous_reply_count":0,"_bbp_topic_count_hidden":0,"_bbp_reply_count_hidden":0,"_bbp_forum_subforum_count":0,"footnotes":""},"class_list":["post-3932","page","type-page","status-publish","has-post-thumbnail","hentry"],"_links":{"self":[{"href":"https:\/\/aegestion.com\/staging\/wp-json\/wp\/v2\/pages\/3932","targetHints":{"allow":["GET"]}}],"collection":[{"href":"https:\/\/aegestion.com\/staging\/wp-json\/wp\/v2\/pages"}],"about":[{"href":"https:\/\/aegestion.com\/staging\/wp-json\/wp\/v2\/types\/page"}],"author":[{"embeddable":true,"href":"https:\/\/aegestion.com\/staging\/wp-json\/wp\/v2\/users\/1"}],"replies":[{"embeddable":true,"href":"https:\/\/aegestion.com\/staging\/wp-json\/wp\/v2\/comments?post=3932"}],"version-history":[{"count":7,"href":"https:\/\/aegestion.com\/staging\/wp-json\/wp\/v2\/pages\/3932\/revisions"}],"predecessor-version":[{"id":3960,"href":"https:\/\/aegestion.com\/staging\/wp-json\/wp\/v2\/pages\/3932\/revisions\/3960"}],"wp:featuredmedia":[{"embeddable":true,"href":"https:\/\/aegestion.com\/staging\/wp-json\/"}],"wp:attachment":[{"href":"https:\/\/aegestion.com\/staging\/wp-json\/wp\/v2\/media?parent=3932"}],"curies":[{"name":"wp","href":"https:\/\/api.w.org\/{rel}","templated":true}]}}