{"id":3806,"date":"2015-12-18T12:45:33","date_gmt":"2015-12-18T12:45:33","guid":{"rendered":"https:\/\/aegestion.com\/staging\/?page_id=3806"},"modified":"2016-01-17T22:40:44","modified_gmt":"2016-01-17T22:40:44","slug":"gestion-proyectos-empresariales","status":"publish","type":"page","link":"https:\/\/aegestion.com\/staging\/gestion-proyectos-empresariales\/","title":{"rendered":"Gesti\u00f3n Proyectos Empresariales"},"content":{"rendered":"\n<style type=\"text\/css\" data-created_by=\"avia_inline_auto\" id=\"style-css-av-av_section-64d737c2657817b338dd447300799746\">\n.avia-section.av-av_section-64d737c2657817b338dd447300799746{\nbackground-repeat:no-repeat;\nbackground-image:url(https:\/\/aegestion.com\/staging\/wp-content\/uploads\/2015\/12\/Parlamento-Europeo.jpg);\nbackground-position:0% 0%;\nbackground-attachment:fixed;\n}\n<\/style>\n<div id='av_section_1'  class='avia-section av-av_section-64d737c2657817b338dd447300799746 alternate_color avia-section-large avia-no-shadow  avia-builder-el-0  el_before_av_heading  avia-builder-el-first  avia-full-stretch avia-bg-style-fixed container_wrap sidebar_right'  data-section-bg-repeat='stretch'><div class='container av-section-cont-open' ><main  role=\"main\" itemprop=\"mainContentOfPage\"  class='template-page content  av-content-small alpha units'><div class='post-entry post-entry-type-page post-entry-3806'><div class='entry-content-wrapper clearfix'>\n\n<style type=\"text\/css\" data-created_by=\"avia_inline_auto\" id=\"style-css-av-av_one_third-40e04e59702ace7aa4422b20c9839dbe\">\n.flex_column.av-av_one_third-40e04e59702ace7aa4422b20c9839dbe{\nborder-radius:0px 0px 0px 0px;\npadding:0px 0px 0px 0px;\n}\n<\/style>\n<div  class='flex_column av-av_one_third-40e04e59702ace7aa4422b20c9839dbe av_one_third  avia-builder-el-1  el_before_av_one_third  avia-builder-el-first  first flex_column_div av-zero-column-padding  '     ><style type=\"text\/css\" data-created_by=\"avia_inline_auto\" id=\"style-css-av-av_icon_box-0b1451e89a6b9515628076dd628455fe\">\n#top #wrap_all .iconbox.av-av_icon_box-0b1451e89a6b9515628076dd628455fe .iconbox_content_title{\ncolor:#385670;\n}\n.iconbox.av-av_icon_box-0b1451e89a6b9515628076dd628455fe .iconbox_content_container{\ncolor:#385670;\n}\n<\/style>\n<article  class='iconbox iconbox_top av-av_icon_box-0b1451e89a6b9515628076dd628455fe  avia-builder-el-2  avia-builder-el-no-sibling  main_color'  itemscope=\"itemscope\" itemtype=\"https:\/\/schema.org\/CreativeWork\" ><div class=\"iconbox_content\"><header class=\"entry-content-header\" aria-label=\"Icon: Actuaci\u00f3nes\"><div class='iconbox_icon heading-color avia-iconfont avia-font-entypo-fontello' data-av_icon='' data-av_iconfont='entypo-fontello'  ><\/div><h3 class='iconbox_content_title '  itemprop=\"headline\" >Actuaci\u00f3nes<\/h3><\/header><div class='iconbox_content_container av_inherit_color'  itemprop=\"text\" ><p>La experiencia y conocimientos de nuestro personal especializado a tu servicio<\/p>\n<\/div><\/div><footer class=\"entry-footer\"><\/footer><\/article><\/div>\n<style type=\"text\/css\" data-created_by=\"avia_inline_auto\" id=\"style-css-av-av_one_third-de02ff6c6bb29fc4ff1e98b6fcee57c3\">\n.flex_column.av-av_one_third-de02ff6c6bb29fc4ff1e98b6fcee57c3{\nborder-radius:0px 0px 0px 0px;\npadding:0px 0px 0px 0px;\n}\n<\/style>\n<div  class='flex_column av-av_one_third-de02ff6c6bb29fc4ff1e98b6fcee57c3 av_one_third  avia-builder-el-3  el_after_av_one_third  el_before_av_one_third  flex_column_div av-zero-column-padding  '     ><article  class='iconbox iconbox_top av-av_icon_box-03557d27708cbfb16432ccda2760ee24  avia-builder-el-4  avia-builder-el-no-sibling  main_color'  itemscope=\"itemscope\" itemtype=\"https:\/\/schema.org\/CreativeWork\" ><div class=\"iconbox_content\"><header class=\"entry-content-header\" aria-label=\"Icon: Asesoramiento\"><div class='iconbox_icon heading-color avia-iconfont avia-font-entypo-fontello' data-av_icon='' data-av_iconfont='entypo-fontello'  ><\/div><h3 class='iconbox_content_title '  itemprop=\"headline\" >Asesoramiento<\/h3><\/header><div class='iconbox_content_container '  itemprop=\"text\" ><p>Servicio permanente de asesoramiento para resolver tus consultas, dudas y preguntas<\/p>\n<\/div><\/div><footer class=\"entry-footer\"><\/footer><\/article><\/div>\n<style type=\"text\/css\" data-created_by=\"avia_inline_auto\" id=\"style-css-av-av_one_third-9c1d454dc06f7247226bc4e8f931daae\">\n.flex_column.av-av_one_third-9c1d454dc06f7247226bc4e8f931daae{\nborder-radius:0px 0px 0px 0px;\npadding:0px 0px 0px 0px;\n}\n<\/style>\n<div  class='flex_column av-av_one_third-9c1d454dc06f7247226bc4e8f931daae av_one_third  avia-builder-el-5  el_after_av_one_third  avia-builder-el-last  flex_column_div av-zero-column-padding  '     ><article  class='iconbox iconbox_top av-av_icon_box-23f4d216c9309250d56e448bc7e30b48  avia-builder-el-6  avia-builder-el-no-sibling  main_color'  itemscope=\"itemscope\" itemtype=\"https:\/\/schema.org\/CreativeWork\" ><div class=\"iconbox_content\"><header class=\"entry-content-header\" aria-label=\"Icon: Optimizaci\u00f3n\"><div class='iconbox_icon heading-color avia-iconfont avia-font-entypo-fontello' data-av_icon='\ue8b1' data-av_iconfont='entypo-fontello'  ><\/div><h3 class='iconbox_content_title '  itemprop=\"headline\" >Optimizaci\u00f3n<\/h3><\/header><div class='iconbox_content_container '  itemprop=\"text\" ><p>Cuadro de Mandos y estad\u00edsticas mensuales para facilitar a la direcci\u00f3n la toma de decisiones<\/p>\n<\/div><\/div><footer class=\"entry-footer\"><\/footer><\/article><\/div>\n<\/div><\/div><\/main><!-- close content main element --><\/div><\/div><div id='after_section_1'  class='main_color av_default_container_wrap container_wrap sidebar_right'  ><div class='container av-section-cont-open' ><div class='template-page content  av-content-small alpha units'><div class='post-entry post-entry-type-page post-entry-3806'><div class='entry-content-wrapper clearfix'>\n\n<style type=\"text\/css\" data-created_by=\"avia_inline_auto\" id=\"style-css-av-av_heading-3cfc42a2594e15a2aae7a9ae5408281a\">\n#top .av-special-heading.av-av_heading-3cfc42a2594e15a2aae7a9ae5408281a{\npadding-bottom:22px;\ncolor:#385670;\n}\nbody .av-special-heading.av-av_heading-3cfc42a2594e15a2aae7a9ae5408281a .av-special-heading-tag .heading-char{\nfont-size:25px;\n}\n.av-special-heading.av-av_heading-3cfc42a2594e15a2aae7a9ae5408281a .special-heading-inner-border{\nborder-color:#385670;\n}\n.av-special-heading.av-av_heading-3cfc42a2594e15a2aae7a9ae5408281a .av-subheading{\nfont-size:15px;\n}\n<\/style>\n<div  class='av-special-heading av-av_heading-3cfc42a2594e15a2aae7a9ae5408281a av-special-heading-h2 custom-color-heading blockquote modern-quote  avia-builder-el-7  el_after_av_section  el_before_av_textblock  avia-builder-el-first '><h2 class='av-special-heading-tag '  itemprop=\"headline\"  >La Gesti\u00f3n y Administraci\u00f3n de tu Empresa en Manos de Profesionales<\/h2><div class=\"special-heading-border\"><div class=\"special-heading-inner-border\"><\/div><\/div><\/div>\n<section  class='av_textblock_section av-av_textblock-0366cc7376be6c9e82a3e9cc8987b64f '   itemscope=\"itemscope\" itemtype=\"https:\/\/schema.org\/CreativeWork\" ><div class='avia_textblock'  itemprop=\"text\" ><p style=\"text-align: justify;\"><a href=\"http:\/\/josepons.com\/wp-content\/uploads\/2013\/09\/control-empresarial.jpg\"><img loading=\"lazy\" decoding=\"async\" class=\"alignleft wp-image-1923\" src=\"http:\/\/josepons.com\/wp-content\/uploads\/2013\/09\/control-empresarial.jpg\" alt=\"Externalizaci\u00f3n Servicios Financieros y Contables\" width=\"360\" height=\"239\" \/><\/a>La externalizaci\u00f3n de servicios de <em><b>direcci\u00f3n financiera y contable<\/b><\/em>, acrecienta los valores <em><b>operativos y competitivos<\/b><\/em> en la gesti\u00f3n y administraci\u00f3n de la empresa, <em><b>permitiendo<\/b><\/em> a la direcci\u00f3n <em><b>obtener<\/b><\/em>\u00a0 en el momento que lo precisa toda la <em><b>informaci\u00f3n necesaria<\/b><\/em> para dirigir debidamente la empresa.<\/p>\n<p style=\"text-align: justify;\">Lejos de las <em><b>problem\u00e1ticas existentes<\/b><\/em> en las empresas de <em><b>retrasos<\/b><\/em> y obst\u00e1culos, para conseguir obtener una <em>i<b>nformaci\u00f3n puntual<\/b><\/em> y veraz cuando se <em><b>precisa<\/b><\/em>, la externalizaci\u00f3n de servicios <em><b>financieros y contables<\/b><\/em>, logra que toda la <em><b>gesti\u00f3n y administraci\u00f3n<\/b><\/em> de la empresa se realice por <em><b>personal \u00a0especializado<\/b><\/em>, con <em><b>puntualidad y sin retrasos<\/b><\/em>, con el consiguiente <em><b>descenso<\/b> <\/em>de los gastos de gesti\u00f3n y administraci\u00f3n y <em><b>aumento <\/b><\/em>de la productividad.<\/p>\n<p style=\"text-align: justify;\">Poder obtener mensualmente un <em><b>an\u00e1lisis de la empresa<\/b><\/em>, se ha convertido en un factor indispensable<b> <\/b>para el necesario <em><b>buen funcionamiento <\/b><\/em>de la misma, <em><b>posibilitando<\/b><\/em> la b\u00fasqueda de\u00a0 <em><b>soluciones <\/b><\/em>a los problemas, que con demasiada <em><b>frecuencia<\/b><\/em> nos absorben totalmente sin dejarnos tiempo para controlar y analizar.<\/p>\n<p style=\"text-align: justify;\">A trav\u00e9s de las <em><b>estad\u00edsticas mensuales<\/b><\/em> se controla el funcionamiento de la empresa, proporcionando y analizando los datos necesarios para <em><b>aumentar la rentabilidad <\/b><\/em>de la misma ejerciendo un <em><b>control total<\/b><\/em> sobre la cuenta de gastos y resultados.<\/p>\n<p style=\"text-align: justify;\">Ejercer el control del <em><b>margen bruto<\/b><\/em> es indispensable para conocer cu\u00e1l es el <em><b>Umbral de Rentabilidad <\/b><\/em>de la empresa para alcanzar el <em><b>conocimiento <\/b><\/em>exacto de la <em><b>cifra m\u00ednima<\/b><\/em> de facturaci\u00f3n <em><b>necesaria<\/b><\/em> para no generar p\u00e9rdidas.<\/p>\n<p style=\"text-align: justify;\">En el mundo empresarial hay <strong><em>decisiones<\/em><\/strong> que no pueden esperar. Que la improvisaci\u00f3n no forme parte de tu empresa, invierte en su gesti\u00f3n y administraci\u00f3n.<\/p>\n<p style=\"text-align: justify;\">Desarrollamos un<em><strong> Cuadro de Mandos<\/strong><\/em> adaptado a las estructuras y <strong><em>necesidades <\/em><\/strong>de la empresa, realizando un <strong><em>an\u00e1lisis inicial<\/em><\/strong> para conocer con profundidad la <strong><em>situaci\u00f3n real<\/em><\/strong> de la misma.<\/p>\n<p style=\"text-align: justify;\">Con dicho punto de partida, procedemos a la Gesti\u00f3n del Conocimiento Empresarial, <strong><em>organizando y estructurando<\/em><\/strong> la empresa, ejerciendo un <strong><em>control mensual<\/em> <\/strong>sobre los principales <strong><em>par\u00e1metros<\/em><\/strong> de la misma, valor de producci\u00f3n, costes de producci\u00f3n, margen industrial, gastos de comerciales, margen de contribuci\u00f3n de los diferentes departamentos, gastos de estructura, margen bruto, control cuenta de gastos y resultado neto de explotaci\u00f3n.<\/p>\n<p style=\"text-align: justify;\">Con toda la <em><strong>informaci\u00f3n disponible<\/strong><\/em> desarrollamos unas <strong><em>estad\u00edsticas mensuales<\/em><\/strong> que dan a conocer de un solo vistazo toda la informaci\u00f3n que precisas para el desarrollo, gesti\u00f3n, administraci\u00f3n y <strong><em>direcci\u00f3n de la empresa<\/em><\/strong> que te ayudar\u00e1n en la toma de decisiones.<\/p>\n<p style=\"text-align: justify;\">Estudio, desarrollo, <em><strong>implantaci\u00f3n<\/strong><\/em>, consolidaci\u00f3n de procedimientos y <em><strong>seguimiento<\/strong><\/em> de las medidas implantadas, forman parte de la <em><strong>Gesti\u00f3n de Proyectos Empresariales<\/strong><\/em>\u00a0que desarrollamos en las empresas.<\/p>\n<p style=\"text-align: justify;\">No importa que seas <em><b>grande o peque\u00f1o<\/b><\/em>, nuestros <em><b>servicios<\/b><\/em> est\u00e1n <em><b>adaptados<\/b><\/em> a tus <em><b>necesidades<\/b><\/em>, t\u00fa decides lo que necesitas.<\/p>\n<p style=\"text-align: justify;\"><em><strong>T\u00fa diriges tu negocio<\/strong><\/em>, nosotros lo controlamos, gestionamos y administramos.<\/p>\n<\/div><\/section>\n\n<style type=\"text\/css\" data-created_by=\"avia_inline_auto\" id=\"style-css-av-av_heading-caa46c880c6dc7247de168a96321a448\">\n#top .av-special-heading.av-av_heading-caa46c880c6dc7247de168a96321a448{\npadding-bottom:10px;\ncolor:#385670;\n}\nbody .av-special-heading.av-av_heading-caa46c880c6dc7247de168a96321a448 .av-special-heading-tag .heading-char{\nfont-size:25px;\n}\n.av-special-heading.av-av_heading-caa46c880c6dc7247de168a96321a448 .special-heading-inner-border{\nborder-color:#385670;\n}\n.av-special-heading.av-av_heading-caa46c880c6dc7247de168a96321a448 .av-subheading{\nfont-size:15px;\n}\n<\/style>\n<div  class='av-special-heading av-av_heading-caa46c880c6dc7247de168a96321a448 av-special-heading-h4 custom-color-heading blockquote modern-quote  avia-builder-el-9  el_after_av_textblock  el_before_av_two_third '><h4 class='av-special-heading-tag '  itemprop=\"headline\"  >Somos Expertos en la Gesti\u00f3n de Proyectos Empresariales<\/h4><div class=\"special-heading-border\"><div class=\"special-heading-inner-border\"><\/div><\/div><\/div>\n\n<style type=\"text\/css\" data-created_by=\"avia_inline_auto\" id=\"style-css-av-av_two_third-40e04e59702ace7aa4422b20c9839dbe\">\n.flex_column.av-av_two_third-40e04e59702ace7aa4422b20c9839dbe{\nborder-radius:0px 0px 0px 0px;\npadding:0px 0px 0px 0px;\n}\n<\/style>\n<div  class='flex_column av-av_two_third-40e04e59702ace7aa4422b20c9839dbe av_two_third  avia-builder-el-10  el_after_av_heading  el_before_av_one_third  first flex_column_div av-zero-column-padding  '     ><p><div  class='av_promobox av-av_promobox-4983cf99fa2e706ff29c6525f1a8fb63 avia-button-yes  avia-builder-el-11  el_before_av_iconlist  avia-builder-el-first '><div class='avia-promocontent'><p>\n<b>La Gesti\u00f3n, Administraci\u00f3n y Organizaci\u00f3n de tu Empresa en Manos de Profesionales<\/b><\/p>\n<\/div><div  class='avia-button-wrap av-av_button-8d1af82ac90ac1f6927963ea1bd901d8-wrap avia-button-right '><a href='https:\/\/aegestion.com\/staging\/solicitud-presupuesto\/'  class='avia-button av-av_button-8d1af82ac90ac1f6927963ea1bd901d8 av-link-btn avia-icon_select-no avia-size-large avia-position-right avia-color-theme-color'  target=\"_blank\"  rel=\"noopener noreferrer\"  aria-label=\"Solicita Presupuesto!\"><span class='avia_iconbox_title' >Solicita Presupuesto!<\/span><\/a><\/div><\/div><br \/>\n\n<style type=\"text\/css\" data-created_by=\"avia_inline_auto\" id=\"style-css-av-av_iconlist-24b03346555b01d69b47460500e33163\">\n#top .avia-icon-list-container.av-av_iconlist-24b03346555b01d69b47460500e33163 .iconlist_icon{\nbackground-color:#385670;\n}\n<\/style>\n<div  class='avia-icon-list-container av-av_iconlist-24b03346555b01d69b47460500e33163  avia-builder-el-12  el_after_av_promobox  avia-builder-el-last '><ul class='avia-icon-list avia_animate_when_almost_visible avia-icon-list-left av-iconlist-big av-av_iconlist-24b03346555b01d69b47460500e33163 avia-iconlist-animate'>\n<li><div class='iconlist_icon av-av_iconlist_item-c0981fd3652499540c9d70003239a007 avia-font-entypo-fontello avia-iconfont avia-font-entypo-fontello'><span class='av-icon-char' data-av_icon='\ue84e' data-av_iconfont='entypo-fontello' aria-hidden=\"true\"><\/span><\/div><article class=\"article-icon-entry \"  itemscope=\"itemscope\" itemtype=\"https:\/\/schema.org\/CreativeWork\" ><div class=\"iconlist_content_wrap\"><header class=\"entry-content-header\" aria-label=\"Icon: &lt;a href=&#039;https:\/\/aegestion.com\/staging\/aviso-legal-a-e-gestion-empresarial\/&#039; title=&#039;Aviso Legal&#039;&gt;Aviso Legal&lt;\/a&gt;\"><h4 class='av_iconlist_title iconlist_title  '  itemprop=\"headline\" ><a href='https:\/\/aegestion.com\/staging\/aviso-legal-a-e-gestion-empresarial\/' title='Aviso Legal'>Aviso Legal<\/a><\/h4><\/header><div class='iconlist_content '  itemprop=\"text\" ><p>Lee nuestra Pol\u00edtica de Protecci\u00f3n de Datos<\/p>\n<\/div><\/div><footer class=\"entry-footer\"><\/footer><\/article><div class=\"iconlist-timeline\"><\/div><\/li>\n<\/ul><\/div><\/p><\/div>\n\n<style type=\"text\/css\" data-created_by=\"avia_inline_auto\" id=\"style-css-av-av_one_third-d9008b4527fd7407b08d6a532aa5fa09\">\n.flex_column.av-av_one_third-d9008b4527fd7407b08d6a532aa5fa09{\nborder-radius:0px 0px 0px 0px;\npadding:0px 0px 0px 0px;\n}\n<\/style>\n<div  class='flex_column av-av_one_third-d9008b4527fd7407b08d6a532aa5fa09 av_one_third  avia-builder-el-13  el_after_av_two_third  avia-builder-el-last  flex_column_div av-animated-generic pop-up av-zero-column-padding  '     ><p>\n<style type=\"text\/css\" data-created_by=\"avia_inline_auto\" id=\"style-css-av-av_heading-2202820988bb1752e3f2556aa0bdfb7f\">\n#top .av-special-heading.av-av_heading-2202820988bb1752e3f2556aa0bdfb7f{\npadding-bottom:10px;\n}\nbody .av-special-heading.av-av_heading-2202820988bb1752e3f2556aa0bdfb7f .av-special-heading-tag .heading-char{\nfont-size:25px;\n}\n.av-special-heading.av-av_heading-2202820988bb1752e3f2556aa0bdfb7f .av-subheading{\nfont-size:15px;\n}\n<\/style>\n<div  class='av-special-heading av-av_heading-2202820988bb1752e3f2556aa0bdfb7f av-special-heading-h3  avia-builder-el-14  avia-builder-el-no-sibling '><h3 class='av-special-heading-tag '  itemprop=\"headline\"  >Newsletter<\/h3><div class=\"special-heading-border\"><div class=\"special-heading-inner-border\"><\/div><\/div><\/div><br \/>\n<form action=\"https:\/\/aegestion.com\/staging\/gestion-proyectos-empresariales\/\" method=\"post\" data-fields-with-error=\"Found errors in the following field(s):\" class=\"avia_ajax_form av-form-labels-visible   avia-builder-el-15  avia-builder-el-no-sibling   \" data-avia-form-id=\"1\" data-avia-redirect='' ><fieldset><p class='  first_form  form_element form_fullwidth' id='element_avia_1_1'><label for=\"avia_1_1\">Name <abbr class=\"required\" title=\"requerido\">*<\/abbr><\/label> <input name=\"avia_1_1\" class=\"text_input is_empty\" type=\"text\" id=\"avia_1_1\" value=\"\" \/><\/p><p class='  first_form  form_element form_fullwidth av-last-visible-form-element' id='element_avia_2_1'><label for=\"avia_2_1\">E-Mail <abbr class=\"required\" title=\"requerido\">*<\/abbr><\/label> <input name=\"avia_2_1\" class=\"text_input is_email\" type=\"text\" id=\"avia_2_1\" value=\"\" \/><\/p><p class=\"hidden\"><input type=\"text\" name=\"avia_3_1\" class=\"hidden \" id=\"avia_3_1\" value=\"\" \/><\/p><p class=\"form_element \"><input type=\"hidden\" value=\"1\" name=\"avia_generated_form1\" \/><input type=\"submit\" value=\"Subscribe\" class=\"button\"  data-sending-label=\"Enviando\"\/><\/p><\/fieldset><\/form><div id=\"ajaxresponse_1\" class=\"ajaxresponse ajaxresponse_1 hidden\"><\/div><\/p><\/div>\n","protected":false},"excerpt":{"rendered":"","protected":false},"author":1,"featured_media":1933,"parent":0,"menu_order":0,"comment_status":"open","ping_status":"open","template":"","meta":{"_bbp_topic_count":0,"_bbp_reply_count":0,"_bbp_total_topic_count":0,"_bbp_total_reply_count":0,"_bbp_voice_count":0,"_bbp_anonymous_reply_count":0,"_bbp_topic_count_hidden":0,"_bbp_reply_count_hidden":0,"_bbp_forum_subforum_count":0,"footnotes":""},"class_list":["post-3806","page","type-page","status-publish","has-post-thumbnail","hentry"],"_links":{"self":[{"href":"https:\/\/aegestion.com\/staging\/wp-json\/wp\/v2\/pages\/3806","targetHints":{"allow":["GET"]}}],"collection":[{"href":"https:\/\/aegestion.com\/staging\/wp-json\/wp\/v2\/pages"}],"about":[{"href":"https:\/\/aegestion.com\/staging\/wp-json\/wp\/v2\/types\/page"}],"author":[{"embeddable":true,"href":"https:\/\/aegestion.com\/staging\/wp-json\/wp\/v2\/users\/1"}],"replies":[{"embeddable":true,"href":"https:\/\/aegestion.com\/staging\/wp-json\/wp\/v2\/comments?post=3806"}],"version-history":[{"count":6,"href":"https:\/\/aegestion.com\/staging\/wp-json\/wp\/v2\/pages\/3806\/revisions"}],"predecessor-version":[{"id":4306,"href":"https:\/\/aegestion.com\/staging\/wp-json\/wp\/v2\/pages\/3806\/revisions\/4306"}],"wp:featuredmedia":[{"embeddable":true,"href":"https:\/\/aegestion.com\/staging\/wp-json\/"}],"wp:attachment":[{"href":"https:\/\/aegestion.com\/staging\/wp-json\/wp\/v2\/media?parent=3806"}],"curies":[{"name":"wp","href":"https:\/\/api.w.org\/{rel}","templated":true}]}}