{"id":3770,"date":"2015-12-18T10:24:14","date_gmt":"2015-12-18T10:24:14","guid":{"rendered":"https:\/\/aegestion.com\/staging\/?page_id=3770"},"modified":"2022-05-18T09:05:24","modified_gmt":"2022-05-18T09:05:24","slug":"proteccion-de-datos-lopd","status":"publish","type":"page","link":"https:\/\/aegestion.com\/staging\/proteccion-de-datos-lopd\/","title":{"rendered":"Protecci\u00f3n de Datos LOPD"},"content":{"rendered":"\n<style type=\"text\/css\" data-created_by=\"avia_inline_auto\" id=\"style-css-av-av_section-8222a58bd6894cd4a40270465cd22002\">\n.avia-section.av-av_section-8222a58bd6894cd4a40270465cd22002{\nbackground-repeat:no-repeat;\nbackground-image:url(https:\/\/aegestion.com\/staging\/wp-content\/uploads\/2015\/12\/berlin-953593_1280.jpg);\nbackground-position:0% 0%;\nbackground-attachment:fixed;\n}\n<\/style>\n<div id='av_section_1'  class='avia-section av-av_section-8222a58bd6894cd4a40270465cd22002 alternate_color avia-section-large avia-no-shadow  avia-builder-el-0  el_before_av_heading  avia-builder-el-first  avia-full-stretch avia-bg-style-fixed container_wrap sidebar_right'  data-section-bg-repeat='stretch'><div class='container av-section-cont-open' ><main  role=\"main\" itemprop=\"mainContentOfPage\"  class='template-page content  av-content-small alpha units'><div class='post-entry post-entry-type-page post-entry-3770'><div class='entry-content-wrapper clearfix'>\n\n<style type=\"text\/css\" data-created_by=\"avia_inline_auto\" id=\"style-css-av-av_one_third-40e04e59702ace7aa4422b20c9839dbe\">\n.flex_column.av-av_one_third-40e04e59702ace7aa4422b20c9839dbe{\nborder-radius:0px 0px 0px 0px;\npadding:0px 0px 0px 0px;\n}\n<\/style>\n<div  class='flex_column av-av_one_third-40e04e59702ace7aa4422b20c9839dbe av_one_third  avia-builder-el-1  el_before_av_one_third  avia-builder-el-first  first flex_column_div av-zero-column-padding  '     ><style type=\"text\/css\" data-created_by=\"avia_inline_auto\" id=\"style-css-av-av_icon_box-c8fe9bffbedb6f4fd8170946066c801b\">\n#top #wrap_all .iconbox.av-av_icon_box-c8fe9bffbedb6f4fd8170946066c801b .iconbox_content_title{\ncolor:#385670;\n}\n.iconbox.av-av_icon_box-c8fe9bffbedb6f4fd8170946066c801b .iconbox_content_container{\ncolor:#385670;\n}\n<\/style>\n<article  class='iconbox iconbox_top av-av_icon_box-c8fe9bffbedb6f4fd8170946066c801b  avia-builder-el-2  avia-builder-el-no-sibling  main_color'  itemscope=\"itemscope\" itemtype=\"https:\/\/schema.org\/CreativeWork\" ><div class=\"iconbox_content\"><header class=\"entry-content-header\" aria-label=\"Icon: Mantenimiento\"><div class='iconbox_icon heading-color avia-iconfont avia-font-entypo-fontello' data-av_icon='' data-av_iconfont='entypo-fontello'  ><\/div><h3 class='iconbox_content_title '  itemprop=\"headline\" >Mantenimiento<\/h3><\/header><div class='iconbox_content_container av_inherit_color'  itemprop=\"text\" ><p>Mantenemos actualizado en todo momento tu Protocolo de Seguridad LOPD<\/p>\n<\/div><\/div><footer class=\"entry-footer\"><\/footer><\/article><\/div>\n<style type=\"text\/css\" data-created_by=\"avia_inline_auto\" id=\"style-css-av-av_one_third-de02ff6c6bb29fc4ff1e98b6fcee57c3\">\n.flex_column.av-av_one_third-de02ff6c6bb29fc4ff1e98b6fcee57c3{\nborder-radius:0px 0px 0px 0px;\npadding:0px 0px 0px 0px;\n}\n<\/style>\n<div  class='flex_column av-av_one_third-de02ff6c6bb29fc4ff1e98b6fcee57c3 av_one_third  avia-builder-el-3  el_after_av_one_third  el_before_av_one_third  flex_column_div av-zero-column-padding  '     ><article  class='iconbox iconbox_top av-av_icon_box-03557d27708cbfb16432ccda2760ee24  avia-builder-el-4  avia-builder-el-no-sibling  main_color'  itemscope=\"itemscope\" itemtype=\"https:\/\/schema.org\/CreativeWork\" ><div class=\"iconbox_content\"><header class=\"entry-content-header\" aria-label=\"Icon: Asesoramiento\"><div class='iconbox_icon heading-color avia-iconfont avia-font-entypo-fontello' data-av_icon='' data-av_iconfont='entypo-fontello'  ><\/div><h3 class='iconbox_content_title '  itemprop=\"headline\" >Asesoramiento<\/h3><\/header><div class='iconbox_content_container '  itemprop=\"text\" ><p>Servicio permanente de asesoramiento para resolver tus consultas, dudas y preguntas<\/p>\n<\/div><\/div><footer class=\"entry-footer\"><\/footer><\/article><\/div>\n<style type=\"text\/css\" data-created_by=\"avia_inline_auto\" id=\"style-css-av-av_one_third-9c1d454dc06f7247226bc4e8f931daae\">\n.flex_column.av-av_one_third-9c1d454dc06f7247226bc4e8f931daae{\nborder-radius:0px 0px 0px 0px;\npadding:0px 0px 0px 0px;\n}\n<\/style>\n<div  class='flex_column av-av_one_third-9c1d454dc06f7247226bc4e8f931daae av_one_third  avia-builder-el-5  el_after_av_one_third  avia-builder-el-last  flex_column_div av-zero-column-padding  '     ><article  class='iconbox iconbox_top av-av_icon_box-23f4d216c9309250d56e448bc7e30b48  avia-builder-el-6  avia-builder-el-no-sibling  main_color'  itemscope=\"itemscope\" itemtype=\"https:\/\/schema.org\/CreativeWork\" ><div class=\"iconbox_content\"><header class=\"entry-content-header\" aria-label=\"Icon: Optimizaci\u00f3n\"><div class='iconbox_icon heading-color avia-iconfont avia-font-entypo-fontello' data-av_icon='\ue8b1' data-av_iconfont='entypo-fontello'  ><\/div><h3 class='iconbox_content_title '  itemprop=\"headline\" >Optimizaci\u00f3n<\/h3><\/header><div class='iconbox_content_container '  itemprop=\"text\" ><p>Auditorias del Protocolo de Seguridad LOPD con Verificaci\u00f3n del Grado de Cumplimiento<\/p>\n<\/div><\/div><footer class=\"entry-footer\"><\/footer><\/article><\/div>\n<\/div><\/div><\/main><!-- close content main element --><\/div><\/div><div id='after_section_1'  class='main_color av_default_container_wrap container_wrap sidebar_right'  ><div class='container av-section-cont-open' ><div class='template-page content  av-content-small alpha units'><div class='post-entry post-entry-type-page post-entry-3770'><div class='entry-content-wrapper clearfix'>\n\n<style type=\"text\/css\" data-created_by=\"avia_inline_auto\" id=\"style-css-av-av_heading-ac99af40f721b767377a21147adfaa27\">\n#top .av-special-heading.av-av_heading-ac99af40f721b767377a21147adfaa27{\npadding-bottom:22px;\ncolor:#385670;\n}\nbody .av-special-heading.av-av_heading-ac99af40f721b767377a21147adfaa27 .av-special-heading-tag .heading-char{\nfont-size:25px;\n}\n.av-special-heading.av-av_heading-ac99af40f721b767377a21147adfaa27 .special-heading-inner-border{\nborder-color:#385670;\n}\n.av-special-heading.av-av_heading-ac99af40f721b767377a21147adfaa27 .av-subheading{\nfont-size:15px;\n}\n<\/style>\n<div  class='av-special-heading av-av_heading-ac99af40f721b767377a21147adfaa27 av-special-heading-h2 custom-color-heading blockquote modern-quote  avia-builder-el-7  el_after_av_section  el_before_av_textblock  avia-builder-el-first '><h2 class='av-special-heading-tag '  itemprop=\"headline\"  >Adaptaci\u00f3n e Implantaci\u00f3n Ley 15\/1999 de Protecci\u00f3n Datos de car\u00e1cter personal LOPD y al Nuevo Reglamento U.E. 2016\/679 &#8211; GDPR<\/h2><div class=\"special-heading-border\"><div class=\"special-heading-inner-border\"><\/div><\/div><\/div>\n<section  class='av_textblock_section av-av_textblock-0366cc7376be6c9e82a3e9cc8987b64f '   itemscope=\"itemscope\" itemtype=\"https:\/\/schema.org\/CreativeWork\" ><div class='avia_textblock'  itemprop=\"text\" ><p style=\"text-align: justify;\">Si tuviera que resumir cuales son las obligaciones que nos impone la Ley Org\u00e1nica 15\/1999 LOPD de Protecci\u00f3n de Datos de car\u00e1cter personal, os dir\u00eda que b\u00e1sicamente se ci\u00f1en a tres, la Inscripci\u00f3n de Ficheros, la realizaci\u00f3n e implantaci\u00f3n del Protocolo de Seguridad y el mantener actualizados en todo momento los datos contenidos en el mismo.<\/p>\n<p style=\"text-align: justify;\"><a href=\"https:\/\/aegestion.com\/staging\/wp-content\/uploads\/2015\/12\/Personal-Empresa-1.jpg\" rel=\"attachment wp-att-3772\"><img loading=\"lazy\" decoding=\"async\" class=\"alignleft size-medium wp-image-3772\" src=\"https:\/\/aegestion.com\/staging\/wp-content\/uploads\/2015\/12\/Personal-Empresa-1-300x200.jpg\" alt=\"Personal Empresa\" width=\"300\" height=\"200\" srcset=\"https:\/\/aegestion.com\/staging\/wp-content\/uploads\/2015\/12\/Personal-Empresa-1-300x200.jpg 300w, https:\/\/aegestion.com\/staging\/wp-content\/uploads\/2015\/12\/Personal-Empresa-1-768x512.jpg 768w, https:\/\/aegestion.com\/staging\/wp-content\/uploads\/2015\/12\/Personal-Empresa-1-1030x687.jpg 1030w, https:\/\/aegestion.com\/staging\/wp-content\/uploads\/2015\/12\/Personal-Empresa-1-705x470.jpg 705w, https:\/\/aegestion.com\/staging\/wp-content\/uploads\/2015\/12\/Personal-Empresa-1-450x300.jpg 450w, https:\/\/aegestion.com\/staging\/wp-content\/uploads\/2015\/12\/Personal-Empresa-1.jpg 1170w\" sizes=\"auto, (max-width: 300px) 100vw, 300px\" \/><\/a>El Protocolo de Seguridad LOPD-GDPR, es el n\u00facleo central sobre el que debe girar toda nuestra pol\u00edtica de aplicaci\u00f3n, implantaci\u00f3n y adaptaci\u00f3n a la Ley de Protecci\u00f3n de Datos como <strong>responsables del tratamiento, <\/strong>y que contiene toda la informaci\u00f3n referente a la misma.<\/p>\n<p style=\"text-align: justify;\">Por su extensi\u00f3n como <strong>centro neur\u00e1lgico<\/strong> de informaci\u00f3n, lo desglosar\u00e9 en varios puntos, que nos permita conocer con profundidad los diferentes apartados que lo componen.<\/p>\n<p style=\"text-align: justify;\"><strong>Protocolo de Seguridad. Inscripci\u00f3n de Ficheros. Este procedimiento de inscripci\u00f3n de ficheros a quedado inhabilitado con la entrada en vigor del Nuevo Reglamento con fecha 28.04.2018. Sigue siendo valida la informaci\u00f3n referente al nivel de los ficheros los usos y fines para lo que han sido creados, quedando todo ello redactado en el Protocolo de Seguridad LOPD-GDPR.<\/strong><\/p>\n<p style=\"text-align: justify;\">Este primer apartado lo conformar\u00e1 la <strong>Inscripci\u00f3n de Ficheros<\/strong>, contendr\u00e1 toda la informaci\u00f3n remitida a la Agencia Espa\u00f1ola de Protecci\u00f3n de Datos, referente a los ficheros que contengan datos de personas, indicando, el nombre del fichero, tipo de datos que contiene, su origen y el uso que vamos a dar a los mismos.<strong> Toda la informaci\u00f3n referida es valida y deber\u00e1 incluirse en el Protocolo de Seguridad.<\/strong><\/p>\n<p style=\"text-align: justify;\">El tipo de datos que contengan dichos ficheros, conformar\u00e1n el alta de registro a efectuar, que ser\u00e1 de <strong>Nivel B\u00e1sico, Nivel Medio \u00f3 Nivel Alto, <\/strong>as\u00ed como las medidas de seguridad a implantar.<\/p>\n<p style=\"text-align: justify;\">Matizar que el nivel de los ficheros, marcar\u00e1n el <strong>tipo<\/strong> de <strong>Protocolo de Seguridad <\/strong>que tenemos que realizar, aplicar e implantar, y que conformar\u00e1 toda nuestra pol\u00edtica de Protecci\u00f3n de Datos y las obligaciones y medidas de seguridad que nos imponen con cada nivel.<\/p>\n<p style=\"text-align: justify;\"><strong>El Nivel B\u00e1sico<\/strong> lo conforman los ficheros que contengan datos personales b\u00e1sicos tales como, nombre y apellidos, domicilio, poblaci\u00f3n, tel\u00e9fono, email, Dni.<\/p>\n<p style=\"text-align: justify;\"><strong>El Nivel Medio<\/strong> lo forman los datos referidos en el apartado anterior, y si adem\u00e1s nuestros ficheros contienen datos tales como, informaci\u00f3n de servicios financieros, seguros, infracciones penales y administrativas, informaci\u00f3n de Administraciones P\u00fablicas.<\/p>\n<p style=\"text-align: justify;\">Matizar que a partir del Nivel Medio se a\u00f1ade la <strong>obligaci\u00f3n bianual <\/strong>de realizar una <strong>Auditoria de Seguridad<\/strong> por un <a href=\"http:\/\/josepons.com\/?page_id=5\" target=\"_blank\" rel=\"noopener\">experto externo<\/a>, que revisar\u00e1 todo el Protocolo de Seguridad y su correcta aplicaci\u00f3n e implantaci\u00f3n.<\/p>\n<p style=\"text-align: justify;\"><strong>El Nivel Alto<\/strong>, es el referido a los ficheros que contengan los datos contenidos en los apartados anteriores adem\u00e1s de datos referentes a la salud, vida, ideolog\u00eda, religi\u00f3n, creencias, y origen racial de las personas. Por su importancia, los datos contenidos en este nivel est\u00e1n <strong>catalogados <\/strong>como datos sensibles de <strong>alta protecci\u00f3n <\/strong>y por ello recibir\u00e1n un nivel de seguridad especial.<\/p>\n<p style=\"text-align: justify;\">Con independencia del nivel necesario a aplicar, recordar que los datos que contengan nuestros ficheros, deber\u00e1n ser los \u00a0precisos y necesarios sin excedernos, para el uso que tengamos previsto de los mismos.<\/p>\n<p style=\"text-align: justify;\">Cada vez que vayamos a crear un nuevo fichero, deberemos con antelaci\u00f3n registrarlo en en nuestro Protocolo de Seguridad detallando el uso y fines de dicho tratamiento.<\/p>\n<p style=\"text-align: justify;\">Realizamos el desarrollo, adaptaci\u00f3n e implantaci\u00f3n en tu organizaci\u00f3n del Protocolo de Seguridad LOPD-GDPR, adaptado a las exigencias de la Ley Org\u00e1nica 15\/1999 de protecci\u00f3n de datos de car\u00e1cter personal y al Nuevo Reglamento U.E. 2016\/679 GDPR, con las medidas de orden t\u00e9cnicas y organizativas que garanticen la seguridad de los datos de los cuales eres responsable y la generaci\u00f3n de contratos con terceros y formularios.<\/p>\n<p style=\"text-align: justify;\">Si no est\u00e1s adaptado al Nuevo Reglamento de Protecci\u00f3n de Datos puedes verte afectado por una exposici\u00f3n elevada de riesgos en materia de Protecci\u00f3n de Datos.<\/p>\n<p style=\"text-align: justify;\"><strong>Contacta con nosotros y te informaremos. Si est\u00e1s adaptado a la LOPD-GDPR podemos examinar tu expediente para conocer sus deficiencias y caso necesario pasaremos una propuesta de realizaci\u00f3n del Protocolo de Seguridad adaptado al Nuevo Reglamento de Protecci\u00f3n de Datos <strong>.<\/strong><\/strong><\/p>\n<\/div><\/section>\n\n<style type=\"text\/css\" data-created_by=\"avia_inline_auto\" id=\"style-css-av-av_heading-57582f43641a6ee105a2f526e5a86f6e\">\n#top .av-special-heading.av-av_heading-57582f43641a6ee105a2f526e5a86f6e{\npadding-bottom:10px;\ncolor:#385670;\n}\nbody .av-special-heading.av-av_heading-57582f43641a6ee105a2f526e5a86f6e .av-special-heading-tag .heading-char{\nfont-size:25px;\n}\n.av-special-heading.av-av_heading-57582f43641a6ee105a2f526e5a86f6e .special-heading-inner-border{\nborder-color:#385670;\n}\n.av-special-heading.av-av_heading-57582f43641a6ee105a2f526e5a86f6e .av-subheading{\nfont-size:15px;\n}\n<\/style>\n<div  class='av-special-heading av-av_heading-57582f43641a6ee105a2f526e5a86f6e av-special-heading-h4 custom-color-heading blockquote modern-quote  avia-builder-el-9  el_after_av_textblock  el_before_av_two_third '><h4 class='av-special-heading-tag '  itemprop=\"headline\"  >Somos Expertos en Adaptaci\u00f3n e Implantaci\u00f3n del Nuevo Reglamento de Protecci\u00f3n de Datos de car\u00e1cter personal U.E. 2016\/679 GDPR<\/h4><div class=\"special-heading-border\"><div class=\"special-heading-inner-border\"><\/div><\/div><\/div>\n\n<style type=\"text\/css\" data-created_by=\"avia_inline_auto\" id=\"style-css-av-av_two_third-40e04e59702ace7aa4422b20c9839dbe\">\n.flex_column.av-av_two_third-40e04e59702ace7aa4422b20c9839dbe{\nborder-radius:0px 0px 0px 0px;\npadding:0px 0px 0px 0px;\n}\n<\/style>\n<div  class='flex_column av-av_two_third-40e04e59702ace7aa4422b20c9839dbe av_two_third  avia-builder-el-10  el_after_av_heading  el_before_av_one_third  first flex_column_div av-zero-column-padding  '     ><p><div  class='av_promobox av-av_promobox-4983cf99fa2e706ff29c6525f1a8fb63 avia-button-yes  avia-builder-el-11  el_before_av_iconlist  avia-builder-el-first '><div class='avia-promocontent'><p>\n<strong>Realizamos la Adaptaci\u00f3n e Implantaci\u00f3n del Protocolo de Seguridad LOPD-GDPR adaptado al Nuevo Reglamento de Protecci\u00f3n de Datos personales U.E. 2016\/679 GDPR<\/strong><\/p>\n<\/div><div  class='avia-button-wrap av-av_button-8d1af82ac90ac1f6927963ea1bd901d8-wrap avia-button-right '><a href='https:\/\/aegestion.com\/staging\/solicitud-presupuesto\/'  class='avia-button av-av_button-8d1af82ac90ac1f6927963ea1bd901d8 av-link-btn avia-icon_select-no avia-size-large avia-position-right avia-color-theme-color'  target=\"_blank\"  rel=\"noopener noreferrer\"  aria-label=\"Solicita Presupuesto!\"><span class='avia_iconbox_title' >Solicita Presupuesto!<\/span><\/a><\/div><\/div><br \/>\n\n<style type=\"text\/css\" data-created_by=\"avia_inline_auto\" id=\"style-css-av-av_iconlist-24b03346555b01d69b47460500e33163\">\n#top .avia-icon-list-container.av-av_iconlist-24b03346555b01d69b47460500e33163 .iconlist_icon{\nbackground-color:#385670;\n}\n<\/style>\n<div  class='avia-icon-list-container av-av_iconlist-24b03346555b01d69b47460500e33163  avia-builder-el-12  el_after_av_promobox  avia-builder-el-last '><ul class='avia-icon-list avia_animate_when_almost_visible avia-icon-list-left av-iconlist-big av-av_iconlist-24b03346555b01d69b47460500e33163 avia-iconlist-animate'>\n<li><div class='iconlist_icon av-av_iconlist_item-c0981fd3652499540c9d70003239a007 avia-font-entypo-fontello avia-iconfont avia-font-entypo-fontello'><span class='av-icon-char' data-av_icon='\ue84e' data-av_iconfont='entypo-fontello' aria-hidden=\"true\"><\/span><\/div><article class=\"article-icon-entry \"  itemscope=\"itemscope\" itemtype=\"https:\/\/schema.org\/CreativeWork\" ><div class=\"iconlist_content_wrap\"><header class=\"entry-content-header\" aria-label=\"Icon: &lt;a href=&#039;https:\/\/aegestion.com\/staging\/aviso-legal-a-e-gestion-empresarial\/&#039; title=&#039;Aviso Legal&#039;&gt;Aviso Legal&lt;\/a&gt;\"><h4 class='av_iconlist_title iconlist_title  '  itemprop=\"headline\" ><a href='https:\/\/aegestion.com\/staging\/aviso-legal-a-e-gestion-empresarial\/' title='Aviso Legal'>Aviso Legal<\/a><\/h4><\/header><div class='iconlist_content '  itemprop=\"text\" ><p>Lee nuestra Pol\u00edtica de Protecci\u00f3n de Datos<\/p>\n<\/div><\/div><footer class=\"entry-footer\"><\/footer><\/article><div class=\"iconlist-timeline\"><\/div><\/li>\n<\/ul><\/div><\/p><\/div>\n\n<style type=\"text\/css\" data-created_by=\"avia_inline_auto\" id=\"style-css-av-av_one_third-d9008b4527fd7407b08d6a532aa5fa09\">\n.flex_column.av-av_one_third-d9008b4527fd7407b08d6a532aa5fa09{\nborder-radius:0px 0px 0px 0px;\npadding:0px 0px 0px 0px;\n}\n<\/style>\n<div  class='flex_column av-av_one_third-d9008b4527fd7407b08d6a532aa5fa09 av_one_third  avia-builder-el-13  el_after_av_two_third  avia-builder-el-last  flex_column_div av-animated-generic pop-up av-zero-column-padding  '     ><p>\n<style type=\"text\/css\" data-created_by=\"avia_inline_auto\" id=\"style-css-av-av_heading-2202820988bb1752e3f2556aa0bdfb7f\">\n#top .av-special-heading.av-av_heading-2202820988bb1752e3f2556aa0bdfb7f{\npadding-bottom:10px;\n}\nbody .av-special-heading.av-av_heading-2202820988bb1752e3f2556aa0bdfb7f .av-special-heading-tag .heading-char{\nfont-size:25px;\n}\n.av-special-heading.av-av_heading-2202820988bb1752e3f2556aa0bdfb7f .av-subheading{\nfont-size:15px;\n}\n<\/style>\n<div  class='av-special-heading av-av_heading-2202820988bb1752e3f2556aa0bdfb7f av-special-heading-h3  avia-builder-el-14  avia-builder-el-no-sibling '><h3 class='av-special-heading-tag '  itemprop=\"headline\"  >Newsletter<\/h3><div class=\"special-heading-border\"><div class=\"special-heading-inner-border\"><\/div><\/div><\/div><br \/>\n<form action=\"https:\/\/aegestion.com\/staging\/proteccion-de-datos-lopd\/\" method=\"post\" data-fields-with-error=\"Found errors in the following field(s):\" class=\"avia_ajax_form av-form-labels-visible   avia-builder-el-15  avia-builder-el-no-sibling   \" data-avia-form-id=\"1\" data-avia-redirect='' ><fieldset><p class='  first_form  form_element form_fullwidth' id='element_avia_1_1'><label for=\"avia_1_1\">Name <abbr class=\"required\" title=\"requerido\">*<\/abbr><\/label> <input name=\"avia_1_1\" class=\"text_input is_empty\" type=\"text\" id=\"avia_1_1\" value=\"\" \/><\/p><p class='  first_form  form_element form_fullwidth av-last-visible-form-element' id='element_avia_2_1'><label for=\"avia_2_1\">E-Mail <abbr class=\"required\" title=\"requerido\">*<\/abbr><\/label> <input name=\"avia_2_1\" class=\"text_input is_email\" type=\"text\" id=\"avia_2_1\" value=\"\" \/><\/p><p class=\"hidden\"><input type=\"text\" name=\"avia_3_1\" class=\"hidden \" id=\"avia_3_1\" value=\"\" \/><\/p><p class=\"form_element \"><input type=\"hidden\" value=\"1\" name=\"avia_generated_form1\" \/><input type=\"submit\" value=\"Subscribe\" class=\"button\"  data-sending-label=\"Enviando\"\/><\/p><\/fieldset><\/form><div id=\"ajaxresponse_1\" class=\"ajaxresponse ajaxresponse_1 hidden\"><\/div><\/p><\/div>\n","protected":false},"excerpt":{"rendered":"","protected":false},"author":1,"featured_media":1933,"parent":0,"menu_order":0,"comment_status":"open","ping_status":"open","template":"","meta":{"_bbp_topic_count":0,"_bbp_reply_count":0,"_bbp_total_topic_count":0,"_bbp_total_reply_count":0,"_bbp_voice_count":0,"_bbp_anonymous_reply_count":0,"_bbp_topic_count_hidden":0,"_bbp_reply_count_hidden":0,"_bbp_forum_subforum_count":0,"footnotes":""},"class_list":["post-3770","page","type-page","status-publish","has-post-thumbnail","hentry"],"_links":{"self":[{"href":"https:\/\/aegestion.com\/staging\/wp-json\/wp\/v2\/pages\/3770","targetHints":{"allow":["GET"]}}],"collection":[{"href":"https:\/\/aegestion.com\/staging\/wp-json\/wp\/v2\/pages"}],"about":[{"href":"https:\/\/aegestion.com\/staging\/wp-json\/wp\/v2\/types\/page"}],"author":[{"embeddable":true,"href":"https:\/\/aegestion.com\/staging\/wp-json\/wp\/v2\/users\/1"}],"replies":[{"embeddable":true,"href":"https:\/\/aegestion.com\/staging\/wp-json\/wp\/v2\/comments?post=3770"}],"version-history":[{"count":20,"href":"https:\/\/aegestion.com\/staging\/wp-json\/wp\/v2\/pages\/3770\/revisions"}],"predecessor-version":[{"id":6000,"href":"https:\/\/aegestion.com\/staging\/wp-json\/wp\/v2\/pages\/3770\/revisions\/6000"}],"wp:featuredmedia":[{"embeddable":true,"href":"https:\/\/aegestion.com\/staging\/wp-json\/"}],"wp:attachment":[{"href":"https:\/\/aegestion.com\/staging\/wp-json\/wp\/v2\/media?parent=3770"}],"curies":[{"name":"wp","href":"https:\/\/api.w.org\/{rel}","templated":true}]}}