{"id":3466,"date":"2015-12-14T17:30:09","date_gmt":"2015-12-14T17:30:09","guid":{"rendered":"https:\/\/aegestion.com\/staging\/?page_id=3466"},"modified":"2024-11-04T11:50:26","modified_gmt":"2024-11-04T11:50:26","slug":"formulario-de-contacto-a-e-gestion-empresarial","status":"publish","type":"page","link":"https:\/\/aegestion.com\/staging\/formulario-de-contacto-a-e-gestion-empresarial\/","title":{"rendered":"Formulario de Contacto A.E. Gesti\u00f3n Empresarial"},"content":{"rendered":"\n<style type=\"text\/css\" data-created_by=\"avia_inline_auto\" id=\"style-css-av-dg3ud6-dd163d5617495700466ed82588b21c89\">\n#top .av-special-heading.av-dg3ud6-dd163d5617495700466ed82588b21c89{\npadding-bottom:15px;\ncolor:#385670;\n}\nbody .av-special-heading.av-dg3ud6-dd163d5617495700466ed82588b21c89 .av-special-heading-tag .heading-char{\nfont-size:25px;\n}\n.av-special-heading.av-dg3ud6-dd163d5617495700466ed82588b21c89 .special-heading-inner-border{\nborder-color:#385670;\n}\n.av-special-heading.av-dg3ud6-dd163d5617495700466ed82588b21c89 .av-subheading{\nfont-size:15px;\n}\n<\/style>\n<div  class='av-special-heading av-dg3ud6-dd163d5617495700466ed82588b21c89 av-special-heading-h3 custom-color-heading blockquote modern-quote modern-centered  avia-builder-el-0  el_before_av_contact  avia-builder-el-first '><h3 class='av-special-heading-tag '  itemprop=\"headline\"  >Rellena el siguiente formulario y resolveremos tus consultas y preguntas<\/h3><div class=\"special-heading-border\"><div class=\"special-heading-inner-border\"><\/div><\/div><\/div>\n<form action=\"https:\/\/aegestion.com\/staging\/formulario-de-contacto-a-e-gestion-empresarial\/\" method=\"post\" data-fields-with-error=\"Found errors in the following field(s):\" class=\"avia_ajax_form av-form-labels-visible   avia-builder-el-1  el_after_av_heading  el_before_av_textblock   \" data-avia-form-id=\"1\" data-avia-redirect=''  aria-label='Formulario de contacto' ><h3 class=''>Cont\u00e1ctanos<\/h3><fieldset><p class='  first_form  form_element form_element_half' id='element_avia_1_1'><label for=\"avia_1_1\">Nombre y Apellidos <abbr class=\"required\" title=\"requerido\">*<\/abbr><\/label> <input name=\"avia_1_1\" class=\"text_input is_empty\" type=\"text\" id=\"avia_1_1\" value=\"\" \/><\/p><p class='  first_form  form_element form_fullwidth' id='element_avia_2_1'><label for=\"avia_2_1\">Correo electr\u00f3nico <abbr class=\"required\" title=\"requerido\">*<\/abbr><\/label> <input name=\"avia_2_1\" class=\"text_input is_email\" type=\"text\" id=\"avia_2_1\" value=\"\" \/><\/p><p class='  first_form  form_element form_fullwidth' id='element_avia_3_1'><label for=\"avia_3_1\">Asunto <abbr class=\"required\" title=\"requerido\">*<\/abbr><\/label> <input name=\"avia_3_1\" class=\"text_input is_empty\" type=\"text\" id=\"avia_3_1\" value=\"\" \/><\/p><p class='  first_form  form_element form_fullwidth' id='element_avia_4_1'><label for=\"avia_4_1\" class=\"textare_label hidden textare_label_avia_4_1\">Mensaje <abbr class=\"required\" title=\"requerido\">*<\/abbr><\/label><textarea  name=\"avia_4_1\" class=\"text_area is_empty\" cols=\"40\" rows=\"7\" id=\"avia_4_1\" ><\/textarea><\/p><p class='  first_form  form_element form_fullwidth' id='element_avia_5_1'><input  name=\"avia_5_1\" class=\"input_checkbox is_empty\" type=\"checkbox\" id=\"avia_5_1\" value=\"true\"\/><label class=\"input_checkbox_label\" for=\"avia_5_1\">He le\u00eddo y acepto la pol\u00edtica de Protecci\u00f3n de Datos <abbr class=\"required\" title=\"requerido\">*<\/abbr><\/label><\/p><p class=\"hidden\"><input type=\"text\" name=\"avia_6_1\" class=\"hidden \" id=\"avia_6_1\" value=\"\" \/><\/p><p class='   form_element form_fullwidth' id='element_avia_7_1'><span class='value_verifier_label'>0 + 5 = ?<\/span><input name=\"avia_7_1_verifier\" type=\"hidden\" id=\"avia_7_1_verifier\" value=\"736254834\"\/><label for=\"avia_7_1\">Para mayor seguridad, responde la siguiente pregunta <abbr class=\"required\" title=\"requerido\">*<\/abbr><\/label><input name=\"avia_7_1\" class=\"text_input captcha\" type=\"text\" id=\"avia_7_1\" value=\"\"\/><\/p><p class=\"form_element \"><input type=\"hidden\" value=\"1\" name=\"avia_generated_form1\" \/><input type=\"submit\" value=\"Enviar\" class=\"button\"  data-sending-label=\"Enviando\"\/><\/p><\/fieldset><\/form><div id=\"ajaxresponse_1\" class=\"ajaxresponse ajaxresponse_1 hidden\"><\/div>\n<section  class='av_textblock_section av-2mzs8q-566608117da988c7bebfea3ce181eb79 '   itemscope=\"itemscope\" itemtype=\"https:\/\/schema.org\/CreativeWork\" ><div class='avia_textblock'  itemprop=\"text\" ><p><em>Antes de enviar <a href=\"https:\/\/aegestion.com\/staging\/aviso-legal-a-e-gestion-empresarial\/\" target=\"_blank\" rel=\"noopener\">Lee nuestra pol\u00edtica de Protecci\u00f3n de Datos y Cookies<\/a><\/em><\/p>\n<\/div><\/section>\n","protected":false},"excerpt":{"rendered":"","protected":false},"author":1,"featured_media":0,"parent":0,"menu_order":0,"comment_status":"closed","ping_status":"closed","template":"","meta":{"_bbp_topic_count":0,"_bbp_reply_count":0,"_bbp_total_topic_count":0,"_bbp_total_reply_count":0,"_bbp_voice_count":0,"_bbp_anonymous_reply_count":0,"_bbp_topic_count_hidden":0,"_bbp_reply_count_hidden":0,"_bbp_forum_subforum_count":0,"footnotes":""},"class_list":["post-3466","page","type-page","status-publish","hentry"],"_links":{"self":[{"href":"https:\/\/aegestion.com\/staging\/wp-json\/wp\/v2\/pages\/3466","targetHints":{"allow":["GET"]}}],"collection":[{"href":"https:\/\/aegestion.com\/staging\/wp-json\/wp\/v2\/pages"}],"about":[{"href":"https:\/\/aegestion.com\/staging\/wp-json\/wp\/v2\/types\/page"}],"author":[{"embeddable":true,"href":"https:\/\/aegestion.com\/staging\/wp-json\/wp\/v2\/users\/1"}],"replies":[{"embeddable":true,"href":"https:\/\/aegestion.com\/staging\/wp-json\/wp\/v2\/comments?post=3466"}],"version-history":[{"count":13,"href":"https:\/\/aegestion.com\/staging\/wp-json\/wp\/v2\/pages\/3466\/revisions"}],"predecessor-version":[{"id":6279,"href":"https:\/\/aegestion.com\/staging\/wp-json\/wp\/v2\/pages\/3466\/revisions\/6279"}],"wp:attachment":[{"href":"https:\/\/aegestion.com\/staging\/wp-json\/wp\/v2\/media?parent=3466"}],"curies":[{"name":"wp","href":"https:\/\/api.w.org\/{rel}","templated":true}]}}